{"id":22608,"date":"2019-08-13T14:00:53","date_gmt":"2019-08-13T12:00:53","guid":{"rendered":"https:\/\/www.randa.ch\/?page_id=22608"},"modified":"2019-08-13T14:24:29","modified_gmt":"2019-08-13T12:24:29","slug":"chasse-au-tresor","status":"publish","type":"page","link":"https:\/\/www.randa.ch\/fr\/se-garer-a-randa\/chasse-au-tresor\/","title":{"rendered":"CHASSE AU TR\u00c9SOR"},"content":{"rendered":"<p>[et_pb_section fb_built=\u00a0\u00bb1&Prime; fullwidth=\u00a0\u00bbon\u00a0\u00bb _builder_version=\u00a0\u00bb3.22&Prime;][et_pb_fullwidth_header header_scroll_down=\u00a0\u00bbon\u00a0\u00bb scroll_down_icon=\u00a0\u00bb%%2%%\u00a0\u00bb header_image_url=\u00a0\u00bbhttps:\/\/www.randa.ch\/wp-content\/uploads\/2019\/08\/headerbild-schatzsuche.jpg\u00a0\u00bb module_class=\u00a0\u00bbbouncingheader\u00a0\u00bb _builder_version=\u00a0\u00bb3.26.6&Prime; background_color=\u00a0\u00bbrgba(255,255,255,0)\u00a0\u00bb background_size=\u00a0\u00bbinitial\u00a0\u00bb background_position=\u00a0\u00bbtop_left\u00a0\u00bb background_repeat=\u00a0\u00bbrepeat\u00a0\u00bb background_layout=\u00a0\u00bblight\u00a0\u00bb button_one_text_size__hover_enabled=\u00a0\u00bboff\u00a0\u00bb button_two_text_size__hover_enabled=\u00a0\u00bboff\u00a0\u00bb button_one_text_color__hover_enabled=\u00a0\u00bboff\u00a0\u00bb button_two_text_color__hover_enabled=\u00a0\u00bboff\u00a0\u00bb button_one_border_width__hover_enabled=\u00a0\u00bboff\u00a0\u00bb button_two_border_width__hover_enabled=\u00a0\u00bboff\u00a0\u00bb button_one_border_color__hover_enabled=\u00a0\u00bboff\u00a0\u00bb button_two_border_color__hover_enabled=\u00a0\u00bboff\u00a0\u00bb button_one_border_radius__hover_enabled=\u00a0\u00bboff\u00a0\u00bb button_two_border_radius__hover_enabled=\u00a0\u00bboff\u00a0\u00bb button_one_letter_spacing__hover_enabled=\u00a0\u00bboff\u00a0\u00bb button_two_letter_spacing__hover_enabled=\u00a0\u00bboff\u00a0\u00bb button_one_bg_color__hover_enabled=\u00a0\u00bboff\u00a0\u00bb button_two_bg_color__hover_enabled=\u00a0\u00bboff\u00a0\u00bb][\/et_pb_fullwidth_header][et_pb_fullwidth_code _builder_version=\u00a0\u00bb3.26.6&Prime;]<\/p>\n<div style=\"margin-top:20px;\">\n<div role=\"navigation\" aria-label=\"S\u00e9lecteur de langue\" class=\"lang_sel_list_vertical wpml-ls-statics-shortcode_actions wpml-ls wpml-ls-legacy-list-vertical\" id=\"lang_sel_list\">\n\t<ul>\n\n\t\t\t\t\t<li class=\"icl-de wpml-ls-slot-shortcode_actions wpml-ls-item wpml-ls-item-de wpml-ls-first-item wpml-ls-item-legacy-list-vertical\">\n\t\t\t\t<a href=\"https:\/\/www.randa.ch\/\" hreflang=\"de\" lang=\"de\" class=\"wpml-ls-link\" aria-label=\"Passer \u00e0 Deutsch\" title=\"Passer \u00e0 Deutsch\">\n\t\t\t\t\t                                    <img decoding=\"async\"\n            class=\"wpml-ls-flag iclflag\"\n            src=\"https:\/\/www.randa.ch\/wp-content\/plugins\/sitepress-multilingual-cms\/res\/flags\/de.png\"\n            alt=\"\"\n            loading=\"lazy\"\n            width=18\n            height=12\n    \/><span class=\"wpml-ls-native icl_lang_sel_native\">Deutsch<\/span><\/a>\n\t\t\t<\/li>\n\t\t\t\t\t<li class=\"icl-en wpml-ls-slot-shortcode_actions wpml-ls-item wpml-ls-item-en wpml-ls-item-legacy-list-vertical\">\n\t\t\t\t<a href=\"https:\/\/www.randa.ch\/en\/\" hreflang=\"en\" lang=\"en\" class=\"wpml-ls-link\" aria-label=\"Passer \u00e0 English\" title=\"Passer \u00e0 English\">\n\t\t\t\t\t                                    <img decoding=\"async\"\n            class=\"wpml-ls-flag iclflag\"\n            src=\"https:\/\/www.randa.ch\/wp-content\/plugins\/sitepress-multilingual-cms\/res\/flags\/en.png\"\n            alt=\"\"\n            loading=\"lazy\"\n            width=18\n            height=12\n    \/><span class=\"wpml-ls-native icl_lang_sel_native\">English<\/span><\/a>\n\t\t\t<\/li>\n\t\t\t\t\t<li class=\"icl-fr wpml-ls-slot-shortcode_actions wpml-ls-item wpml-ls-item-fr wpml-ls-current-language wpml-ls-last-item wpml-ls-item-legacy-list-vertical\">\n\t\t\t\t<a href=\"https:\/\/www.randa.ch\/fr\/\" hreflang=\"fr\" lang=\"fr\" class=\"wpml-ls-link\" aria-current=\"page\" aria-label=\"Passer \u00e0 Fran\u00e7ais\" title=\"Passer \u00e0 Fran\u00e7ais\">\n\t\t\t\t\t                                    <img decoding=\"async\"\n            class=\"wpml-ls-flag iclflag\"\n            src=\"https:\/\/www.randa.ch\/wp-content\/plugins\/sitepress-multilingual-cms\/res\/flags\/fr.png\"\n            alt=\"\"\n            loading=\"lazy\"\n            width=18\n            height=12\n    \/><span class=\"wpml-ls-native icl_lang_sel_native\">Fran\u00e7ais<\/span><\/a>\n\t\t\t<\/li>\n\t\t\n\t<\/ul>\n<\/div>\n<\/div>\n<p>[\/et_pb_fullwidth_code][et_pb_fullwidth_header title=\u00a0\u00bbCHERS CHASSEURS DE TR\u00c9SOR\u00a0\u00bb subhead=\u00a0\u00bbLe village de Randa a d\u00e9j\u00e0 une longue histoire derri\u00e8re lui. Partez avec toute la famille \u00e0 la chasse au tr\u00e9sor \u00e0 travers le village de montagne idyllique et d\u00e9couvrez-en le caract\u00e8re naturel et authentique. Suivez les indices indiqu\u00e9s sur cette carte au tr\u00e9sor, observez bien les photos et n\u2019oubliez pas de noter vos r\u00e9ponses dans les champs pr\u00e9vus \u00e0 cet effet sur votre carte au tr\u00e9sor. Vous aurez besoin des chiffres pour l\u2019\u00e9nigme finale et le tr\u00e9sor qui vous attendent \u00e0 la fin de votre voyage de d\u00e9couverte\u00a0\u00bb text_orientation=\u00a0\u00bbcenter\u00a0\u00bb _builder_version=\u00a0\u00bb3.26.6&Prime; title_font=\u00a0\u00bb||||||||\u00a0\u00bb subhead_font=\u00a0\u00bb||||||||\u00a0\u00bb background_color=\u00a0\u00bbrgba(255, 255, 255, 0)\u00a0\u00bb background_layout=\u00a0\u00bblight\u00a0\u00bb custom_margin=\u00a0\u00bb30px|||\u00a0\u00bb button_one_text_size__hover_enabled=\u00a0\u00bboff\u00a0\u00bb button_two_text_size__hover_enabled=\u00a0\u00bboff\u00a0\u00bb button_one_text_color__hover_enabled=\u00a0\u00bboff\u00a0\u00bb button_two_text_color__hover_enabled=\u00a0\u00bboff\u00a0\u00bb button_one_border_width__hover_enabled=\u00a0\u00bboff\u00a0\u00bb button_two_border_width__hover_enabled=\u00a0\u00bboff\u00a0\u00bb button_one_border_color__hover_enabled=\u00a0\u00bboff\u00a0\u00bb button_two_border_color__hover_enabled=\u00a0\u00bboff\u00a0\u00bb button_one_border_radius__hover_enabled=\u00a0\u00bboff\u00a0\u00bb button_two_border_radius__hover_enabled=\u00a0\u00bboff\u00a0\u00bb button_one_letter_spacing__hover_enabled=\u00a0\u00bboff\u00a0\u00bb button_two_letter_spacing__hover_enabled=\u00a0\u00bboff\u00a0\u00bb button_one_bg_color__hover_enabled=\u00a0\u00bboff\u00a0\u00bb button_two_bg_color__hover_enabled=\u00a0\u00bboff\u00a0\u00bb]<\/p>\n<p style=\"margin-top: 30px;\"><strong><em>La participation co\u00fbte CHF 5.00 par chasse au tr\u00e9sor et par famille.<br \/>Vous trouverez des cartes de chasse au tr\u00e9sor \u00e0 l\u2019office de tourisme de Randa.<\/em><\/strong><\/p>\n<p>[\/et_pb_fullwidth_header][et_pb_fullwidth_code _builder_version=\u00a0\u00bb3.26.6&Prime;]<iframe src=\"https:\/\/www.google.com\/maps\/embed?pb=!1m18!1m12!1m3!1d5533.113571635015!2d7.782487893248476!3d46.09981130351707!2m3!1f0!2f0!3f0!3m2!1i1024!2i768!4f13.1!3m3!1m2!1s0x478f381db4740a41%3A0x3c07cdf64a15d32d!2sTourismusb%C3%BCro+Randa+bei+Zermatt!5e0!3m2!1sde!2sch!4v1565698556574!5m2!1sde!2sch\" height=\"450\" frameborder=\"0\" style=\"border:0; width:100%;\" allowfullscreen><\/iframe>[\/et_pb_fullwidth_code][\/et_pb_section]<\/p>\n","protected":false},"excerpt":{"rendered":"<p>\n<div role=\"navigation\" aria-label=\"S\u00e9lecteur de langue\" class=\"lang_sel_list_vertical wpml-ls-statics-shortcode_actions wpml-ls wpml-ls-legacy-list-vertical\" id=\"lang_sel_list\">\n\t<ul>\n\n\t\t\t\t\t<li class=\"icl-de wpml-ls-slot-shortcode_actions wpml-ls-item wpml-ls-item-de wpml-ls-first-item wpml-ls-item-legacy-list-vertical\">\n\t\t\t\t<a href=\"https:\/\/www.randa.ch\/\" hreflang=\"de\" lang=\"de\" class=\"wpml-ls-link\" aria-label=\"Passer \u00e0 Deutsch\" title=\"Passer \u00e0 Deutsch\">\n\t\t\t\t\t                                    <img decoding=\"async\"\n            class=\"wpml-ls-flag iclflag\"\n            src=\"https:\/\/www.randa.ch\/wp-content\/plugins\/sitepress-multilingual-cms\/res\/flags\/de.png\"\n            alt=\"\"\n            loading=\"lazy\"\n            width=18\n            height=12\n    \/><span class=\"wpml-ls-native icl_lang_sel_native\">Deutsch<\/span><\/a>\n\t\t\t<\/li>\n\t\t\t\t\t<li class=\"icl-en wpml-ls-slot-shortcode_actions wpml-ls-item wpml-ls-item-en wpml-ls-item-legacy-list-vertical\">\n\t\t\t\t<a href=\"https:\/\/www.randa.ch\/en\/\" hreflang=\"en\" lang=\"en\" class=\"wpml-ls-link\" aria-label=\"Passer \u00e0 English\" title=\"Passer \u00e0 English\">\n\t\t\t\t\t                                    <img decoding=\"async\"\n            class=\"wpml-ls-flag iclflag\"\n            src=\"https:\/\/www.randa.ch\/wp-content\/plugins\/sitepress-multilingual-cms\/res\/flags\/en.png\"\n            alt=\"\"\n            loading=\"lazy\"\n            width=18\n            height=12\n    \/><span class=\"wpml-ls-native icl_lang_sel_native\">English<\/span><\/a>\n\t\t\t<\/li>\n\t\t\t\t\t<li class=\"icl-fr wpml-ls-slot-shortcode_actions wpml-ls-item wpml-ls-item-fr wpml-ls-current-language wpml-ls-last-item wpml-ls-item-legacy-list-vertical\">\n\t\t\t\t<a href=\"https:\/\/www.randa.ch\/fr\/\" hreflang=\"fr\" lang=\"fr\" class=\"wpml-ls-link\" aria-current=\"page\" aria-label=\"Passer \u00e0 Fran\u00e7ais\" title=\"Passer \u00e0 Fran\u00e7ais\">\n\t\t\t\t\t                                    <img decoding=\"async\"\n            class=\"wpml-ls-flag iclflag\"\n            src=\"https:\/\/www.randa.ch\/wp-content\/plugins\/sitepress-multilingual-cms\/res\/flags\/fr.png\"\n            alt=\"\"\n            loading=\"lazy\"\n            width=18\n            height=12\n    \/><span class=\"wpml-ls-native icl_lang_sel_native\">Fran\u00e7ais<\/span><\/a>\n\t\t\t<\/li>\n\t\t\n\t<\/ul>\n<\/div>\nLa participation co\u00fbte CHF 5.00 par chasse au tr\u00e9sor et par famille.Vous trouverez des cartes de chasse au tr\u00e9sor \u00e0 l\u2019office de tourisme de Randa.<\/p>\n <a href=\"https:\/\/www.randa.ch\/fr\/se-garer-a-randa\/chasse-au-tresor\/\" class=\"more-link startweg\" title=\"Read More\">Weiterlesen<\/a>","protected":false},"author":2,"featured_media":0,"parent":11847,"menu_order":0,"comment_status":"closed","ping_status":"closed","template":"","meta":{"_et_pb_use_builder":"on","_et_pb_old_content":"","_et_gb_content_width":"","_cbd_carousel_blocks":"[]","footnotes":""},"class_list":["post-22608","page","type-page","status-publish","hentry"],"yoast_head":"<!-- This site is optimized with the Yoast SEO plugin v27.1.1 - https:\/\/yoast.com\/product\/yoast-seo-wordpress\/ -->\n<title>CHASSE AU TR\u00c9SOR - Gemeinde Randa<\/title>\n<meta name=\"robots\" content=\"index, follow, max-snippet:-1, max-image-preview:large, max-video-preview:-1\" \/>\n<link rel=\"canonical\" href=\"https:\/\/www.randa.ch\/fr\/se-garer-a-randa\/chasse-au-tresor\/\" \/>\n<meta property=\"og:locale\" content=\"fr_FR\" \/>\n<meta property=\"og:type\" content=\"article\" \/>\n<meta property=\"og:title\" content=\"CHASSE AU TR\u00c9SOR - Gemeinde Randa\" \/>\n<meta property=\"og:description\" content=\"La participation co\u00fbte CHF 5.00 par chasse au tr\u00e9sor et par famille.Vous trouverez des cartes de chasse au tr\u00e9sor \u00e0 l\u2019office de tourisme de Randa.\" \/>\n<meta property=\"og:url\" content=\"https:\/\/www.randa.ch\/fr\/se-garer-a-randa\/chasse-au-tresor\/\" \/>\n<meta property=\"og:site_name\" content=\"Gemeinde Randa\" \/>\n<meta property=\"article:publisher\" content=\"https:\/\/www.facebook.com\/gemeinde.randa\" \/>\n<meta property=\"article:modified_time\" content=\"2019-08-13T12:24:29+00:00\" \/>\n<meta property=\"og:image\" content=\"https:\/\/www.randa.ch\/wp-content\/uploads\/2015\/06\/logo_q.jpg\" \/>\n\t<meta property=\"og:image:width\" content=\"250\" \/>\n\t<meta property=\"og:image:height\" content=\"250\" \/>\n\t<meta property=\"og:image:type\" content=\"image\/jpeg\" \/>\n<meta name=\"twitter:card\" content=\"summary_large_image\" \/>\n<meta name=\"twitter:label1\" content=\"Dur\u00e9e de lecture estim\u00e9e\" \/>\n\t<meta name=\"twitter:data1\" content=\"2 minutes\" \/>\n<script type=\"application\/ld+json\" class=\"yoast-schema-graph\">{\"@context\":\"https:\/\/schema.org\",\"@graph\":[{\"@type\":\"WebPage\",\"@id\":\"https:\/\/www.randa.ch\/fr\/se-garer-a-randa\/chasse-au-tresor\/\",\"url\":\"https:\/\/www.randa.ch\/fr\/se-garer-a-randa\/chasse-au-tresor\/\",\"name\":\"CHASSE AU TR\u00c9SOR - Gemeinde Randa\",\"isPartOf\":{\"@id\":\"https:\/\/www.randa.ch\/#website\"},\"datePublished\":\"2019-08-13T12:00:53+00:00\",\"dateModified\":\"2019-08-13T12:24:29+00:00\",\"breadcrumb\":{\"@id\":\"https:\/\/www.randa.ch\/fr\/se-garer-a-randa\/chasse-au-tresor\/#breadcrumb\"},\"inLanguage\":\"fr-FR\",\"potentialAction\":[{\"@type\":\"ReadAction\",\"target\":[\"https:\/\/www.randa.ch\/fr\/se-garer-a-randa\/chasse-au-tresor\/\"]}]},{\"@type\":\"BreadcrumbList\",\"@id\":\"https:\/\/www.randa.ch\/fr\/se-garer-a-randa\/chasse-au-tresor\/#breadcrumb\",\"itemListElement\":[{\"@type\":\"ListItem\",\"position\":1,\"name\":\"Startseite\",\"item\":\"https:\/\/www.randa.ch\/\"},{\"@type\":\"ListItem\",\"position\":2,\"name\":\"Se garer \u00e0 Randa\",\"item\":\"https:\/\/www.randa.ch\/fr\/se-garer-a-randa\/\"},{\"@type\":\"ListItem\",\"position\":3,\"name\":\"CHASSE AU TR\u00c9SOR\"}]},{\"@type\":\"WebSite\",\"@id\":\"https:\/\/www.randa.ch\/#website\",\"url\":\"https:\/\/www.randa.ch\/\",\"name\":\"Gemeinde Randa\",\"description\":\"... das idyllische Bergdorf im Mattertal\",\"publisher\":{\"@id\":\"https:\/\/www.randa.ch\/#organization\"},\"potentialAction\":[{\"@type\":\"SearchAction\",\"target\":{\"@type\":\"EntryPoint\",\"urlTemplate\":\"https:\/\/www.randa.ch\/?s={search_term_string}\"},\"query-input\":{\"@type\":\"PropertyValueSpecification\",\"valueRequired\":true,\"valueName\":\"search_term_string\"}}],\"inLanguage\":\"fr-FR\"},{\"@type\":\"Organization\",\"@id\":\"https:\/\/www.randa.ch\/#organization\",\"name\":\"Gemeinde Randa\",\"url\":\"https:\/\/www.randa.ch\/\",\"logo\":{\"@type\":\"ImageObject\",\"inLanguage\":\"fr-FR\",\"@id\":\"https:\/\/www.randa.ch\/#\/schema\/logo\/image\/\",\"url\":\"https:\/\/www.randa.ch\/wp-content\/uploads\/2015\/06\/logo_q.jpg\",\"contentUrl\":\"https:\/\/www.randa.ch\/wp-content\/uploads\/2015\/06\/logo_q.jpg\",\"width\":250,\"height\":250,\"caption\":\"Gemeinde Randa\"},\"image\":{\"@id\":\"https:\/\/www.randa.ch\/#\/schema\/logo\/image\/\"},\"sameAs\":[\"https:\/\/www.facebook.com\/gemeinde.randa\",\"https:\/\/www.pinterest.com\/randawallis\/\",\"https:\/\/www.youtube.com\/RandaWallis\"]}]}<\/script>\n<!-- \/ Yoast SEO plugin. -->","yoast_head_json":{"title":"CHASSE AU TR\u00c9SOR - Gemeinde Randa","robots":{"index":"index","follow":"follow","max-snippet":"max-snippet:-1","max-image-preview":"max-image-preview:large","max-video-preview":"max-video-preview:-1"},"canonical":"https:\/\/www.randa.ch\/fr\/se-garer-a-randa\/chasse-au-tresor\/","og_locale":"fr_FR","og_type":"article","og_title":"CHASSE AU TR\u00c9SOR - Gemeinde Randa","og_description":"La participation co\u00fbte CHF 5.00 par chasse au tr\u00e9sor et par famille.Vous trouverez des cartes de chasse au tr\u00e9sor \u00e0 l\u2019office de tourisme de Randa.","og_url":"https:\/\/www.randa.ch\/fr\/se-garer-a-randa\/chasse-au-tresor\/","og_site_name":"Gemeinde Randa","article_publisher":"https:\/\/www.facebook.com\/gemeinde.randa","article_modified_time":"2019-08-13T12:24:29+00:00","og_image":[{"width":250,"height":250,"url":"https:\/\/www.randa.ch\/wp-content\/uploads\/2015\/06\/logo_q.jpg","type":"image\/jpeg"}],"twitter_card":"summary_large_image","twitter_misc":{"Dur\u00e9e de lecture estim\u00e9e":"2 minutes"},"schema":{"@context":"https:\/\/schema.org","@graph":[{"@type":"WebPage","@id":"https:\/\/www.randa.ch\/fr\/se-garer-a-randa\/chasse-au-tresor\/","url":"https:\/\/www.randa.ch\/fr\/se-garer-a-randa\/chasse-au-tresor\/","name":"CHASSE AU TR\u00c9SOR - Gemeinde Randa","isPartOf":{"@id":"https:\/\/www.randa.ch\/#website"},"datePublished":"2019-08-13T12:00:53+00:00","dateModified":"2019-08-13T12:24:29+00:00","breadcrumb":{"@id":"https:\/\/www.randa.ch\/fr\/se-garer-a-randa\/chasse-au-tresor\/#breadcrumb"},"inLanguage":"fr-FR","potentialAction":[{"@type":"ReadAction","target":["https:\/\/www.randa.ch\/fr\/se-garer-a-randa\/chasse-au-tresor\/"]}]},{"@type":"BreadcrumbList","@id":"https:\/\/www.randa.ch\/fr\/se-garer-a-randa\/chasse-au-tresor\/#breadcrumb","itemListElement":[{"@type":"ListItem","position":1,"name":"Startseite","item":"https:\/\/www.randa.ch\/"},{"@type":"ListItem","position":2,"name":"Se garer \u00e0 Randa","item":"https:\/\/www.randa.ch\/fr\/se-garer-a-randa\/"},{"@type":"ListItem","position":3,"name":"CHASSE AU TR\u00c9SOR"}]},{"@type":"WebSite","@id":"https:\/\/www.randa.ch\/#website","url":"https:\/\/www.randa.ch\/","name":"Gemeinde Randa","description":"... das idyllische Bergdorf im Mattertal","publisher":{"@id":"https:\/\/www.randa.ch\/#organization"},"potentialAction":[{"@type":"SearchAction","target":{"@type":"EntryPoint","urlTemplate":"https:\/\/www.randa.ch\/?s={search_term_string}"},"query-input":{"@type":"PropertyValueSpecification","valueRequired":true,"valueName":"search_term_string"}}],"inLanguage":"fr-FR"},{"@type":"Organization","@id":"https:\/\/www.randa.ch\/#organization","name":"Gemeinde Randa","url":"https:\/\/www.randa.ch\/","logo":{"@type":"ImageObject","inLanguage":"fr-FR","@id":"https:\/\/www.randa.ch\/#\/schema\/logo\/image\/","url":"https:\/\/www.randa.ch\/wp-content\/uploads\/2015\/06\/logo_q.jpg","contentUrl":"https:\/\/www.randa.ch\/wp-content\/uploads\/2015\/06\/logo_q.jpg","width":250,"height":250,"caption":"Gemeinde Randa"},"image":{"@id":"https:\/\/www.randa.ch\/#\/schema\/logo\/image\/"},"sameAs":["https:\/\/www.facebook.com\/gemeinde.randa","https:\/\/www.pinterest.com\/randawallis\/","https:\/\/www.youtube.com\/RandaWallis"]}]}},"publishpress_future_action":{"enabled":false,"date":"2026-04-25 15:33:31","action":"change-status","newStatus":"draft","terms":[],"taxonomy":"translation_priority","extraData":[]},"publishpress_future_workflow_manual_trigger":{"enabledWorkflows":[]},"_links":{"self":[{"href":"https:\/\/www.randa.ch\/fr\/wp-json\/wp\/v2\/pages\/22608","targetHints":{"allow":["GET"]}}],"collection":[{"href":"https:\/\/www.randa.ch\/fr\/wp-json\/wp\/v2\/pages"}],"about":[{"href":"https:\/\/www.randa.ch\/fr\/wp-json\/wp\/v2\/types\/page"}],"author":[{"embeddable":true,"href":"https:\/\/www.randa.ch\/fr\/wp-json\/wp\/v2\/users\/2"}],"replies":[{"embeddable":true,"href":"https:\/\/www.randa.ch\/fr\/wp-json\/wp\/v2\/comments?post=22608"}],"version-history":[{"count":8,"href":"https:\/\/www.randa.ch\/fr\/wp-json\/wp\/v2\/pages\/22608\/revisions"}],"predecessor-version":[{"id":22631,"href":"https:\/\/www.randa.ch\/fr\/wp-json\/wp\/v2\/pages\/22608\/revisions\/22631"}],"up":[{"embeddable":true,"href":"https:\/\/www.randa.ch\/fr\/wp-json\/wp\/v2\/pages\/11847"}],"wp:attachment":[{"href":"https:\/\/www.randa.ch\/fr\/wp-json\/wp\/v2\/media?parent=22608"}],"curies":[{"name":"wp","href":"https:\/\/api.w.org\/{rel}","templated":true}]}}