{"id":752,"date":"2013-11-01T12:03:32","date_gmt":"2013-11-01T12:03:32","guid":{"rendered":"http:\/\/www.randa.ch\/gemeinde\/infrastruktur\/"},"modified":"2026-01-26T13:31:31","modified_gmt":"2026-01-26T12:31:31","slug":"infrastruktur","status":"publish","type":"page","link":"https:\/\/www.randa.ch\/en\/gemeinde\/infrastruktur\/","title":{"rendered":"Infrastruktur"},"content":{"rendered":"<p>[et_pb_section fb_built=&#8221;1&#8243; _builder_version=&#8221;4.16&#8243; global_colors_info=&#8221;{}&#8221;][et_pb_row _builder_version=&#8221;4.16&#8243; background_size=&#8221;initial&#8221; background_position=&#8221;top_left&#8221; background_repeat=&#8221;repeat&#8221; global_colors_info=&#8221;{}&#8221;][et_pb_column type=&#8221;4_4&#8243; _builder_version=&#8221;4.16&#8243; custom_padding=&#8221;|||&#8221; global_colors_info=&#8221;{}&#8221; custom_padding__hover=&#8221;|||&#8221;][et_pb_text _builder_version=&#8221;4.27.5&#8243; background_size=&#8221;initial&#8221; background_position=&#8221;top_left&#8221; background_repeat=&#8221;repeat&#8221; custom_padding=&#8221;30px|||&#8221; hover_enabled=&#8221;0&#8243; custom_css_main_element=&#8221;clear:both;&#8221; use_border_color=&#8221;off&#8221; global_colors_info=&#8221;{}&#8221; sticky_enabled=&#8221;0&#8243;]<\/p>\n<h1>Infrastruktur<\/h1>\n<h2>Parkhaus<\/h2>\n<p>Randa verf\u00fcgt \u00fcber ein Parkhaus mit 88 Pl\u00e4tzen. Seine zentrale Lage, es ist direkt neben dem Bahnhof und nur eine Gehminute vom Tourismusb\u00fcro, wird von unseren G\u00e4sten sehr gesch\u00e4tzt.\u00a0G\u00e4ste und Einheimische k\u00f6nnen das Parkhaus w\u00e4hrend 365 Tagen nutzen.<\/p>\n<p>Tarife Parkhaus Randa<\/p>\n<ul>\n<li>Jede Stunde Fr. 1.00 bis Fr. 12.00 pro Tag<\/li>\n<li>Jeder weitere Tag Fr. 12.00<\/li>\n<\/ul>\n<p><iframe loading=\"lazy\" style=\"border: 0;\" src=\"https:\/\/www.google.com\/maps\/embed?pb=!1m18!1m12!1m3!1d691.6310806375174!2d7.780967836902543!3d46.100458291130224!2m3!1f0!2f0!3f0!3m2!1i1024!2i768!4f13.1!3m3!1m2!1s0x0%3A0xd1125d00bc388069!2sParkhaus+Randa!5e0!3m2!1sen!2s!4v1392715628882\" width=\"600\" height=\"450\" frameborder=\"0\"><\/iframe><\/p>\n<h2>Waldfestplatz<\/h2>\n<p>Im Gebiet namens \u201eAttermenzen\u201c ist ein wundersch\u00f6ner Waldfestplatz, welcher f\u00fcr Vereins- und Familienanl\u00e4sse genutzt werden kann.\u00a0Der Platz verf\u00fcgt \u00fcber eine Waldh\u00fctte, einer Feuerstelle, einer grossz\u00fcgigen Tanz oder Spielfl\u00e4che, einem Brunnen aus welchem frisches Trinkwasser fliesst, einem getrennten Damen und Herren WC und \u00fcber 100 Sitzpl\u00e4tze.\u00a0Bei Veranstaltungen, welche bis in den sp\u00e4teren Abend dauern, kann der Platz beleuchtet werden.\u00a0Mit einem bescheidenen Betrag von 100.- kann diese Einrichtung gemietet werden.<\/p>\n<h2>Burgersaal<\/h2>\n<p>Im Rahmen der Renovierung unseres Schulhauses konnte in der obersten Etage ein wundersch\u00f6ner Burgersaal verwirklicht werden. Der ganze Raum mit den Familienwappen an den W\u00e4nden, den alten Bildern und Schriften sowie dem altgedienten Handwerkszeug, wirkt ein wenig nostalgisch und erz\u00e4hlt ein klein wenig \u00fcber die Geschichte von Randa.\u00a0F\u00fcr 50.- kann dieser Raum zusammen mit der angrenzenden K\u00fcche von der ortsans\u00e4ssigen Bev\u00f6lkerung f\u00fcr Vereinsanl\u00e4sse oder Familienfeste gemietet werden.<\/p>\n<h2>Saal Sankt Sebastian und Gastro-K\u00fcche<\/h2>\n<p>Das Geb\u00e4ude &#8220;St. Sebastian&#8221; in Randa wurde am 25. Mai 2025 eingeweiht. Der Saal und die dazugeh\u00f6rige Gastro-K\u00fcche k\u00f6nnen von Privatpersonen, Vereinen und Institutionen gemietet werden. Die Kosten betragen Fr. 50.00 f\u00fcr den Saal und Fr. 50.00 f\u00fcr die Gastro-K\u00fcche (gemeinsam Fr. 100.00).<\/p>\n<p><a href=\"https:\/\/www.randa.ch\/wp-content\/uploads\/2026\/01\/Benutzungsreglement_Sankt_Sebastian_Randa.pdf\" target=\"_blank\" rel=\"attachment noopener wp-att-46154\">Ben\u00fctzungsreglement<\/a><\/p>\n<p>[\/et_pb_text][\/et_pb_column][\/et_pb_row][\/et_pb_section]<\/p>\n","protected":false},"excerpt":{"rendered":"<p>Infrastruktur Parkhaus Randa verf\u00fcgt \u00fcber ein Parkhaus mit 88 Pl\u00e4tzen. Seine zentrale Lage, es ist direkt neben dem Bahnhof und nur eine Gehminute vom Tourismusb\u00fcro, wird von unseren G\u00e4sten sehr gesch\u00e4tzt.\u00a0G\u00e4ste und Einheimische k\u00f6nnen das Parkhaus w\u00e4hrend 365 Tagen nutzen. Tarife Parkhaus Randa Jede Stunde Fr. 1.00 bis Fr. 12.00 pro Tag Jeder weitere Tag [&hellip;]<\/p>\n <a href=\"https:\/\/www.randa.ch\/en\/gemeinde\/infrastruktur\/\" class=\"more-link startweg\" title=\"Read More\">Weiterlesen<\/a>","protected":false},"author":2,"featured_media":0,"parent":742,"menu_order":0,"comment_status":"open","ping_status":"open","template":"","meta":{"_et_pb_use_builder":"on","_et_pb_old_content":"","_et_gb_content_width":"","_cbd_carousel_blocks":"[]","footnotes":""},"class_list":["post-752","page","type-page","status-publish","hentry"],"yoast_head":"<!-- This site is optimized with the Yoast SEO plugin v27.1.1 - https:\/\/yoast.com\/product\/yoast-seo-wordpress\/ -->\n<title>Infrastruktur - Gemeinde Randa<\/title>\n<meta name=\"robots\" content=\"index, follow, max-snippet:-1, max-image-preview:large, max-video-preview:-1\" \/>\n<link rel=\"canonical\" href=\"https:\/\/www.randa.ch\/en\/gemeinde\/infrastruktur\/\" \/>\n<meta property=\"og:locale\" content=\"en_US\" \/>\n<meta property=\"og:type\" content=\"article\" \/>\n<meta property=\"og:title\" content=\"Infrastruktur - Gemeinde Randa\" \/>\n<meta property=\"og:description\" content=\"Infrastruktur Parkhaus Randa verf\u00fcgt \u00fcber ein Parkhaus mit 88 Pl\u00e4tzen. Seine zentrale Lage, es ist direkt neben dem Bahnhof und nur eine Gehminute vom Tourismusb\u00fcro, wird von unseren G\u00e4sten sehr gesch\u00e4tzt.\u00a0G\u00e4ste und Einheimische k\u00f6nnen das Parkhaus w\u00e4hrend 365 Tagen nutzen. Tarife Parkhaus Randa Jede Stunde Fr. 1.00 bis Fr. 12.00 pro Tag Jeder weitere Tag [&hellip;]\" \/>\n<meta property=\"og:url\" content=\"https:\/\/www.randa.ch\/en\/gemeinde\/infrastruktur\/\" \/>\n<meta property=\"og:site_name\" content=\"Gemeinde Randa\" \/>\n<meta property=\"article:publisher\" content=\"https:\/\/www.facebook.com\/gemeinde.randa\" \/>\n<meta property=\"article:modified_time\" content=\"2026-01-26T12:31:31+00:00\" \/>\n<meta property=\"og:image\" content=\"https:\/\/www.randa.ch\/wp-content\/uploads\/2015\/06\/logo_q.jpg\" \/>\n\t<meta property=\"og:image:width\" content=\"250\" \/>\n\t<meta property=\"og:image:height\" content=\"250\" \/>\n\t<meta property=\"og:image:type\" content=\"image\/jpeg\" \/>\n<meta name=\"twitter:card\" content=\"summary_large_image\" \/>\n<meta name=\"twitter:label1\" content=\"Est. reading time\" \/>\n\t<meta name=\"twitter:data1\" content=\"2 minutes\" \/>\n<script type=\"application\/ld+json\" class=\"yoast-schema-graph\">{\"@context\":\"https:\/\/schema.org\",\"@graph\":[{\"@type\":\"WebPage\",\"@id\":\"https:\/\/www.randa.ch\/en\/gemeinde\/infrastruktur\/\",\"url\":\"https:\/\/www.randa.ch\/en\/gemeinde\/infrastruktur\/\",\"name\":\"Infrastruktur - Gemeinde Randa\",\"isPartOf\":{\"@id\":\"https:\/\/www.randa.ch\/#website\"},\"datePublished\":\"2013-11-01T12:03:32+00:00\",\"dateModified\":\"2026-01-26T12:31:31+00:00\",\"breadcrumb\":{\"@id\":\"https:\/\/www.randa.ch\/en\/gemeinde\/infrastruktur\/#breadcrumb\"},\"inLanguage\":\"en-US\",\"potentialAction\":[{\"@type\":\"ReadAction\",\"target\":[\"https:\/\/www.randa.ch\/en\/gemeinde\/infrastruktur\/\"]}]},{\"@type\":\"BreadcrumbList\",\"@id\":\"https:\/\/www.randa.ch\/en\/gemeinde\/infrastruktur\/#breadcrumb\",\"itemListElement\":[{\"@type\":\"ListItem\",\"position\":1,\"name\":\"Startseite\",\"item\":\"https:\/\/www.randa.ch\/en\/\"},{\"@type\":\"ListItem\",\"position\":2,\"name\":\"Die Gemeinde Randa\",\"item\":\"https:\/\/www.randa.ch\/en\/gemeinde\/\"},{\"@type\":\"ListItem\",\"position\":3,\"name\":\"Infrastruktur\"}]},{\"@type\":\"WebSite\",\"@id\":\"https:\/\/www.randa.ch\/#website\",\"url\":\"https:\/\/www.randa.ch\/\",\"name\":\"Gemeinde Randa\",\"description\":\"... the idyllic mountain village\",\"publisher\":{\"@id\":\"https:\/\/www.randa.ch\/#organization\"},\"potentialAction\":[{\"@type\":\"SearchAction\",\"target\":{\"@type\":\"EntryPoint\",\"urlTemplate\":\"https:\/\/www.randa.ch\/?s={search_term_string}\"},\"query-input\":{\"@type\":\"PropertyValueSpecification\",\"valueRequired\":true,\"valueName\":\"search_term_string\"}}],\"inLanguage\":\"en-US\"},{\"@type\":\"Organization\",\"@id\":\"https:\/\/www.randa.ch\/#organization\",\"name\":\"Gemeinde Randa\",\"url\":\"https:\/\/www.randa.ch\/\",\"logo\":{\"@type\":\"ImageObject\",\"inLanguage\":\"en-US\",\"@id\":\"https:\/\/www.randa.ch\/#\/schema\/logo\/image\/\",\"url\":\"https:\/\/www.randa.ch\/wp-content\/uploads\/2015\/06\/logo_q.jpg\",\"contentUrl\":\"https:\/\/www.randa.ch\/wp-content\/uploads\/2015\/06\/logo_q.jpg\",\"width\":250,\"height\":250,\"caption\":\"Gemeinde Randa\"},\"image\":{\"@id\":\"https:\/\/www.randa.ch\/#\/schema\/logo\/image\/\"},\"sameAs\":[\"https:\/\/www.facebook.com\/gemeinde.randa\",\"https:\/\/www.pinterest.com\/randawallis\/\",\"https:\/\/www.youtube.com\/RandaWallis\"]}]}<\/script>\n<!-- \/ Yoast SEO plugin. -->","yoast_head_json":{"title":"Infrastruktur - Gemeinde Randa","robots":{"index":"index","follow":"follow","max-snippet":"max-snippet:-1","max-image-preview":"max-image-preview:large","max-video-preview":"max-video-preview:-1"},"canonical":"https:\/\/www.randa.ch\/en\/gemeinde\/infrastruktur\/","og_locale":"en_US","og_type":"article","og_title":"Infrastruktur - Gemeinde Randa","og_description":"Infrastruktur Parkhaus Randa verf\u00fcgt \u00fcber ein Parkhaus mit 88 Pl\u00e4tzen. Seine zentrale Lage, es ist direkt neben dem Bahnhof und nur eine Gehminute vom Tourismusb\u00fcro, wird von unseren G\u00e4sten sehr gesch\u00e4tzt.\u00a0G\u00e4ste und Einheimische k\u00f6nnen das Parkhaus w\u00e4hrend 365 Tagen nutzen. Tarife Parkhaus Randa Jede Stunde Fr. 1.00 bis Fr. 12.00 pro Tag Jeder weitere Tag [&hellip;]","og_url":"https:\/\/www.randa.ch\/en\/gemeinde\/infrastruktur\/","og_site_name":"Gemeinde Randa","article_publisher":"https:\/\/www.facebook.com\/gemeinde.randa","article_modified_time":"2026-01-26T12:31:31+00:00","og_image":[{"width":250,"height":250,"url":"https:\/\/www.randa.ch\/wp-content\/uploads\/2015\/06\/logo_q.jpg","type":"image\/jpeg"}],"twitter_card":"summary_large_image","twitter_misc":{"Est. reading time":"2 minutes"},"schema":{"@context":"https:\/\/schema.org","@graph":[{"@type":"WebPage","@id":"https:\/\/www.randa.ch\/en\/gemeinde\/infrastruktur\/","url":"https:\/\/www.randa.ch\/en\/gemeinde\/infrastruktur\/","name":"Infrastruktur - Gemeinde Randa","isPartOf":{"@id":"https:\/\/www.randa.ch\/#website"},"datePublished":"2013-11-01T12:03:32+00:00","dateModified":"2026-01-26T12:31:31+00:00","breadcrumb":{"@id":"https:\/\/www.randa.ch\/en\/gemeinde\/infrastruktur\/#breadcrumb"},"inLanguage":"en-US","potentialAction":[{"@type":"ReadAction","target":["https:\/\/www.randa.ch\/en\/gemeinde\/infrastruktur\/"]}]},{"@type":"BreadcrumbList","@id":"https:\/\/www.randa.ch\/en\/gemeinde\/infrastruktur\/#breadcrumb","itemListElement":[{"@type":"ListItem","position":1,"name":"Startseite","item":"https:\/\/www.randa.ch\/en\/"},{"@type":"ListItem","position":2,"name":"Die Gemeinde Randa","item":"https:\/\/www.randa.ch\/en\/gemeinde\/"},{"@type":"ListItem","position":3,"name":"Infrastruktur"}]},{"@type":"WebSite","@id":"https:\/\/www.randa.ch\/#website","url":"https:\/\/www.randa.ch\/","name":"Gemeinde Randa","description":"... the idyllic mountain village","publisher":{"@id":"https:\/\/www.randa.ch\/#organization"},"potentialAction":[{"@type":"SearchAction","target":{"@type":"EntryPoint","urlTemplate":"https:\/\/www.randa.ch\/?s={search_term_string}"},"query-input":{"@type":"PropertyValueSpecification","valueRequired":true,"valueName":"search_term_string"}}],"inLanguage":"en-US"},{"@type":"Organization","@id":"https:\/\/www.randa.ch\/#organization","name":"Gemeinde Randa","url":"https:\/\/www.randa.ch\/","logo":{"@type":"ImageObject","inLanguage":"en-US","@id":"https:\/\/www.randa.ch\/#\/schema\/logo\/image\/","url":"https:\/\/www.randa.ch\/wp-content\/uploads\/2015\/06\/logo_q.jpg","contentUrl":"https:\/\/www.randa.ch\/wp-content\/uploads\/2015\/06\/logo_q.jpg","width":250,"height":250,"caption":"Gemeinde Randa"},"image":{"@id":"https:\/\/www.randa.ch\/#\/schema\/logo\/image\/"},"sameAs":["https:\/\/www.facebook.com\/gemeinde.randa","https:\/\/www.pinterest.com\/randawallis\/","https:\/\/www.youtube.com\/RandaWallis"]}]}},"publishpress_future_action":{"enabled":false,"date":"2026-05-14 15:31:28","action":"change-status","newStatus":"draft","terms":[],"taxonomy":"translation_priority","extraData":[]},"publishpress_future_workflow_manual_trigger":{"enabledWorkflows":[]},"_links":{"self":[{"href":"https:\/\/www.randa.ch\/en\/wp-json\/wp\/v2\/pages\/752","targetHints":{"allow":["GET"]}}],"collection":[{"href":"https:\/\/www.randa.ch\/en\/wp-json\/wp\/v2\/pages"}],"about":[{"href":"https:\/\/www.randa.ch\/en\/wp-json\/wp\/v2\/types\/page"}],"author":[{"embeddable":true,"href":"https:\/\/www.randa.ch\/en\/wp-json\/wp\/v2\/users\/2"}],"replies":[{"embeddable":true,"href":"https:\/\/www.randa.ch\/en\/wp-json\/wp\/v2\/comments?post=752"}],"version-history":[{"count":25,"href":"https:\/\/www.randa.ch\/en\/wp-json\/wp\/v2\/pages\/752\/revisions"}],"predecessor-version":[{"id":46157,"href":"https:\/\/www.randa.ch\/en\/wp-json\/wp\/v2\/pages\/752\/revisions\/46157"}],"up":[{"embeddable":true,"href":"https:\/\/www.randa.ch\/en\/wp-json\/wp\/v2\/pages\/742"}],"wp:attachment":[{"href":"https:\/\/www.randa.ch\/en\/wp-json\/wp\/v2\/media?parent=752"}],"curies":[{"name":"wp","href":"https:\/\/api.w.org\/{rel}","templated":true}]}}