{"id":751,"date":"2013-11-01T12:03:47","date_gmt":"2013-11-01T11:03:47","guid":{"rendered":"http:\/\/www.randa.ch\/gemeinde\/gis\/"},"modified":"2021-08-30T15:40:08","modified_gmt":"2021-08-30T13:40:08","slug":"gis","status":"publish","type":"page","link":"https:\/\/www.randa.ch\/en\/gemeinde\/kanzlei-online-schalter\/gis\/","title":{"rendered":"Geografisches Informationssystem der Gemeinde Randa"},"content":{"rendered":"<p>[et_pb_section fb_built=&#8221;1&#8243; specialty=&#8221;on&#8221; custom_padding_last_edited=&#8221;on|desktop&#8221; parallax_method_1=&#8221;off&#8221; parallax_method_2=&#8221;off&#8221; admin_label=&#8221;Sektion&#8221; _builder_version=&#8221;3.22&#8243; custom_padding_tablet=&#8221;50px|0|50px|0&#8243; custom_padding_phone=&#8221;&#8221; transparent_background=&#8221;off&#8221; padding_mobile=&#8221;off&#8221; make_fullwidth=&#8221;off&#8221; use_custom_width=&#8221;off&#8221; width_unit=&#8221;on&#8221;][et_pb_column type=&#8221;3_4&#8243; specialty_columns=&#8221;3&#8243; _builder_version=&#8221;3.25&#8243; custom_padding=&#8221;|||&#8221; custom_padding__hover=&#8221;|||&#8221;][et_pb_row_inner admin_label=&#8221;Zeile&#8221; _builder_version=&#8221;3.25&#8243;][et_pb_column_inner saved_specialty_column_type=&#8221;3_4&#8243; _builder_version=&#8221;3.25&#8243; custom_padding=&#8221;|||&#8221; custom_padding__hover=&#8221;|||&#8221;][et_pb_text admin_label=&#8221;Text&#8221; _builder_version=&#8221;4.4.2&#8243; background_size=&#8221;initial&#8221; background_position=&#8221;top_left&#8221; background_repeat=&#8221;repeat&#8221; use_border_color=&#8221;off&#8221; border_color=&#8221;#ffffff&#8221; border_style=&#8221;solid&#8221;]<\/p>\n<h1>Geografisches Informationssystem der Gemeinde Randa<\/h1>\n<p><a href=\"https:\/\/www.randa.ch\/wp-content\/uploads\/2013\/11\/gis-randa.jpg\" data-rel=\"lightbox-gallery-5sdo0bnq\" data-rl_title=\"\" data-rl_caption=\"\" title=\"\"><img loading=\"lazy\" decoding=\"async\" class=\"alignright size-medium wp-image-1777 custom-frame\" src=\"https:\/\/www.randa.ch\/wp-content\/uploads\/2013\/11\/gis-randa-300x171.jpg\" alt=\"gis-randa\" width=\"300\" height=\"171\" srcset=\"https:\/\/www.randa.ch\/wp-content\/uploads\/2013\/11\/gis-randa-300x171.jpg 300w, https:\/\/www.randa.ch\/wp-content\/uploads\/2013\/11\/gis-randa.jpg 668w\" sizes=\"(max-width: 300px) 100vw, 300px\" \/><\/a>Im WebGIS der Gemeinde Randa werden vielf\u00e4ltige Geodaten des Gemeindegebietes informativ dargestellt. Auf zahlreichen Karten und Ebenen k\u00f6nnen unterschiedliche Informationen \u00fcber Parzellen, Bauzonen, Grenzen, Ortsbezeichnungen und vieles mehr visualisiert betrachtet werden.<\/p>\n<p><a class=\"button-randa\" href=\"https:\/\/www.randa.ch\/wp-content\/uploads\/2017\/03\/Anleitung-GIS-Randa.pdf\" target=\"_blank\" rel=\"noopener noreferrer\">Kurzanleitung WebGIS Randa<\/a><\/p>\n<p><a class=\"button-randa\" href=\"https:\/\/valgis.ch\/weboffice\/synserver?project=randa&amp;client=auto\">Geografisches Informationssystem (GIS) starten<\/a><\/p>\n<p>[\/et_pb_text][et_pb_text admin_label=&#8221;Text&#8221; _builder_version=&#8221;4.4.2&#8243; background_size=&#8221;initial&#8221; background_position=&#8221;top_left&#8221; background_repeat=&#8221;repeat&#8221; use_border_color=&#8221;off&#8221; border_color=&#8221;#ffffff&#8221; border_style=&#8221;solid&#8221;]<\/p>\n<blockquote><p>Die online verf\u00fcgbaren Daten werden in regelm\u00e4ssigen Abst\u00e4nden aktualisiert. Dennoch sind Abweichungen beispielsweise in Bezug auf die Eigent\u00fcmer m\u00f6glich. Bez\u00fcglich der Richtigkeit und Aktualit\u00e4t der Plandaten wird keine Gew\u00e4hr \u00fcbernommen. Massgebend sind die Grundbuchpl\u00e4ne des <a class=\"interner-link\" title=\"PLANAX AG - Geometer Zermatt\" href=\"http:\/\/www.planax.ch\/\" target=\"_blank\" rel=\"noopener noreferrer\">zust\u00e4ndigen Geometers<\/a>. Die Situationspl\u00e4ne, welche ausgedruckt werden, sind f\u00fcr \u00f6ffentliche Auflagen nicht zul\u00e4ssig. F\u00fcr verbindliche Angaben und rechtsg\u00fcltige Ausz\u00fcge ist das Registerb\u00fcro zu kontaktieren.<\/p><\/blockquote>\n<p>[\/et_pb_text][\/et_pb_column_inner][\/et_pb_row_inner][\/et_pb_column][et_pb_column type=&#8221;1_4&#8243; _builder_version=&#8221;3.25&#8243; custom_padding=&#8221;|||&#8221; custom_padding__hover=&#8221;|||&#8221;][et_pb_sidebar orientation=&#8221;right&#8221; area=&#8221;sidebar-1&#8243; admin_label=&#8221;Seitenleiste&#8221; _builder_version=&#8221;3.0.74&#8243; remove_border=&#8221;off&#8221;][\/et_pb_sidebar][\/et_pb_column][\/et_pb_section]<\/p>\n","protected":false},"excerpt":{"rendered":"<p>Geografisches Informationssystem der Gemeinde Randa Im WebGIS der Gemeinde Randa werden vielf\u00e4ltige Geodaten des Gemeindegebietes informativ dargestellt. Auf zahlreichen Karten und Ebenen k\u00f6nnen unterschiedliche Informationen \u00fcber Parzellen, Bauzonen, Grenzen, Ortsbezeichnungen und vieles mehr visualisiert betrachtet werden. Kurzanleitung WebGIS Randa Geografisches Informationssystem (GIS) starten Die online verf\u00fcgbaren Daten werden in regelm\u00e4ssigen Abst\u00e4nden aktualisiert. Dennoch sind Abweichungen [&hellip;]<\/p>\n <a href=\"https:\/\/www.randa.ch\/en\/gemeinde\/kanzlei-online-schalter\/gis\/\" class=\"more-link startweg\" title=\"Read More\">Weiterlesen<\/a>","protected":false},"author":2,"featured_media":0,"parent":757,"menu_order":0,"comment_status":"open","ping_status":"closed","template":"","meta":{"_et_pb_use_builder":"on","_et_pb_old_content":"","_et_gb_content_width":"","_cbd_carousel_blocks":"[]","footnotes":""},"class_list":["post-751","page","type-page","status-publish","hentry"],"yoast_head":"<!-- This site is optimized with the Yoast SEO plugin v27.1.1 - https:\/\/yoast.com\/product\/yoast-seo-wordpress\/ -->\n<title>Geografisches Informationssystem der Gemeinde Randa - Gemeinde Randa<\/title>\n<meta name=\"robots\" content=\"index, follow, max-snippet:-1, max-image-preview:large, max-video-preview:-1\" \/>\n<link rel=\"canonical\" href=\"https:\/\/www.randa.ch\/en\/gemeinde\/kanzlei-online-schalter\/gis\/\" \/>\n<meta property=\"og:locale\" content=\"en_US\" \/>\n<meta property=\"og:type\" content=\"article\" \/>\n<meta property=\"og:title\" content=\"Geografisches Informationssystem der Gemeinde Randa - Gemeinde Randa\" \/>\n<meta property=\"og:description\" content=\"Geografisches Informationssystem der Gemeinde Randa Im WebGIS der Gemeinde Randa werden vielf\u00e4ltige Geodaten des Gemeindegebietes informativ dargestellt. Auf zahlreichen Karten und Ebenen k\u00f6nnen unterschiedliche Informationen \u00fcber Parzellen, Bauzonen, Grenzen, Ortsbezeichnungen und vieles mehr visualisiert betrachtet werden. Kurzanleitung WebGIS Randa Geografisches Informationssystem (GIS) starten Die online verf\u00fcgbaren Daten werden in regelm\u00e4ssigen Abst\u00e4nden aktualisiert. Dennoch sind Abweichungen [&hellip;]\" \/>\n<meta property=\"og:url\" content=\"https:\/\/www.randa.ch\/en\/gemeinde\/kanzlei-online-schalter\/gis\/\" \/>\n<meta property=\"og:site_name\" content=\"Gemeinde Randa\" \/>\n<meta property=\"article:publisher\" content=\"https:\/\/www.facebook.com\/gemeinde.randa\" \/>\n<meta property=\"article:modified_time\" content=\"2021-08-30T13:40:08+00:00\" \/>\n<meta property=\"og:image\" content=\"https:\/\/www.randa.ch\/wp-content\/uploads\/2013\/11\/gis-randa-300x171.jpg\" \/>\n<meta name=\"twitter:card\" content=\"summary_large_image\" \/>\n<meta name=\"twitter:label1\" content=\"Est. reading time\" \/>\n\t<meta name=\"twitter:data1\" content=\"2 minutes\" \/>\n<script type=\"application\/ld+json\" class=\"yoast-schema-graph\">{\"@context\":\"https:\/\/schema.org\",\"@graph\":[{\"@type\":\"WebPage\",\"@id\":\"https:\/\/www.randa.ch\/en\/gemeinde\/kanzlei-online-schalter\/gis\/\",\"url\":\"https:\/\/www.randa.ch\/en\/gemeinde\/kanzlei-online-schalter\/gis\/\",\"name\":\"Geografisches Informationssystem der Gemeinde Randa - Gemeinde Randa\",\"isPartOf\":{\"@id\":\"https:\/\/www.randa.ch\/#website\"},\"primaryImageOfPage\":{\"@id\":\"https:\/\/www.randa.ch\/en\/gemeinde\/kanzlei-online-schalter\/gis\/#primaryimage\"},\"image\":{\"@id\":\"https:\/\/www.randa.ch\/en\/gemeinde\/kanzlei-online-schalter\/gis\/#primaryimage\"},\"thumbnailUrl\":\"https:\/\/www.randa.ch\/wp-content\/uploads\/2013\/11\/gis-randa-300x171.jpg\",\"datePublished\":\"2013-11-01T11:03:47+00:00\",\"dateModified\":\"2021-08-30T13:40:08+00:00\",\"breadcrumb\":{\"@id\":\"https:\/\/www.randa.ch\/en\/gemeinde\/kanzlei-online-schalter\/gis\/#breadcrumb\"},\"inLanguage\":\"en-US\",\"potentialAction\":[{\"@type\":\"ReadAction\",\"target\":[\"https:\/\/www.randa.ch\/en\/gemeinde\/kanzlei-online-schalter\/gis\/\"]}]},{\"@type\":\"ImageObject\",\"inLanguage\":\"en-US\",\"@id\":\"https:\/\/www.randa.ch\/en\/gemeinde\/kanzlei-online-schalter\/gis\/#primaryimage\",\"url\":\"https:\/\/www.randa.ch\/wp-content\/uploads\/2013\/11\/gis-randa-300x171.jpg\",\"contentUrl\":\"https:\/\/www.randa.ch\/wp-content\/uploads\/2013\/11\/gis-randa-300x171.jpg\"},{\"@type\":\"BreadcrumbList\",\"@id\":\"https:\/\/www.randa.ch\/en\/gemeinde\/kanzlei-online-schalter\/gis\/#breadcrumb\",\"itemListElement\":[{\"@type\":\"ListItem\",\"position\":1,\"name\":\"Startseite\",\"item\":\"https:\/\/www.randa.ch\/en\/\"},{\"@type\":\"ListItem\",\"position\":2,\"name\":\"Die Gemeinde Randa\",\"item\":\"https:\/\/www.randa.ch\/en\/gemeinde\/\"},{\"@type\":\"ListItem\",\"position\":3,\"name\":\"Kanzlei &#038; Online Schalter\",\"item\":\"https:\/\/www.randa.ch\/en\/gemeinde\/kanzlei-online-schalter\/\"},{\"@type\":\"ListItem\",\"position\":4,\"name\":\"Geografisches Informationssystem der Gemeinde Randa\"}]},{\"@type\":\"WebSite\",\"@id\":\"https:\/\/www.randa.ch\/#website\",\"url\":\"https:\/\/www.randa.ch\/\",\"name\":\"Gemeinde Randa\",\"description\":\"... the idyllic mountain village\",\"publisher\":{\"@id\":\"https:\/\/www.randa.ch\/#organization\"},\"potentialAction\":[{\"@type\":\"SearchAction\",\"target\":{\"@type\":\"EntryPoint\",\"urlTemplate\":\"https:\/\/www.randa.ch\/?s={search_term_string}\"},\"query-input\":{\"@type\":\"PropertyValueSpecification\",\"valueRequired\":true,\"valueName\":\"search_term_string\"}}],\"inLanguage\":\"en-US\"},{\"@type\":\"Organization\",\"@id\":\"https:\/\/www.randa.ch\/#organization\",\"name\":\"Gemeinde Randa\",\"url\":\"https:\/\/www.randa.ch\/\",\"logo\":{\"@type\":\"ImageObject\",\"inLanguage\":\"en-US\",\"@id\":\"https:\/\/www.randa.ch\/#\/schema\/logo\/image\/\",\"url\":\"https:\/\/www.randa.ch\/wp-content\/uploads\/2015\/06\/logo_q.jpg\",\"contentUrl\":\"https:\/\/www.randa.ch\/wp-content\/uploads\/2015\/06\/logo_q.jpg\",\"width\":250,\"height\":250,\"caption\":\"Gemeinde Randa\"},\"image\":{\"@id\":\"https:\/\/www.randa.ch\/#\/schema\/logo\/image\/\"},\"sameAs\":[\"https:\/\/www.facebook.com\/gemeinde.randa\",\"https:\/\/www.pinterest.com\/randawallis\/\",\"https:\/\/www.youtube.com\/RandaWallis\"]}]}<\/script>\n<!-- \/ Yoast SEO plugin. -->","yoast_head_json":{"title":"Geografisches Informationssystem der Gemeinde Randa - Gemeinde Randa","robots":{"index":"index","follow":"follow","max-snippet":"max-snippet:-1","max-image-preview":"max-image-preview:large","max-video-preview":"max-video-preview:-1"},"canonical":"https:\/\/www.randa.ch\/en\/gemeinde\/kanzlei-online-schalter\/gis\/","og_locale":"en_US","og_type":"article","og_title":"Geografisches Informationssystem der Gemeinde Randa - Gemeinde Randa","og_description":"Geografisches Informationssystem der Gemeinde Randa Im WebGIS der Gemeinde Randa werden vielf\u00e4ltige Geodaten des Gemeindegebietes informativ dargestellt. Auf zahlreichen Karten und Ebenen k\u00f6nnen unterschiedliche Informationen \u00fcber Parzellen, Bauzonen, Grenzen, Ortsbezeichnungen und vieles mehr visualisiert betrachtet werden. Kurzanleitung WebGIS Randa Geografisches Informationssystem (GIS) starten Die online verf\u00fcgbaren Daten werden in regelm\u00e4ssigen Abst\u00e4nden aktualisiert. Dennoch sind Abweichungen [&hellip;]","og_url":"https:\/\/www.randa.ch\/en\/gemeinde\/kanzlei-online-schalter\/gis\/","og_site_name":"Gemeinde Randa","article_publisher":"https:\/\/www.facebook.com\/gemeinde.randa","article_modified_time":"2021-08-30T13:40:08+00:00","og_image":[{"url":"https:\/\/www.randa.ch\/wp-content\/uploads\/2013\/11\/gis-randa-300x171.jpg","type":"","width":"","height":""}],"twitter_card":"summary_large_image","twitter_misc":{"Est. reading time":"2 minutes"},"schema":{"@context":"https:\/\/schema.org","@graph":[{"@type":"WebPage","@id":"https:\/\/www.randa.ch\/en\/gemeinde\/kanzlei-online-schalter\/gis\/","url":"https:\/\/www.randa.ch\/en\/gemeinde\/kanzlei-online-schalter\/gis\/","name":"Geografisches Informationssystem der Gemeinde Randa - Gemeinde Randa","isPartOf":{"@id":"https:\/\/www.randa.ch\/#website"},"primaryImageOfPage":{"@id":"https:\/\/www.randa.ch\/en\/gemeinde\/kanzlei-online-schalter\/gis\/#primaryimage"},"image":{"@id":"https:\/\/www.randa.ch\/en\/gemeinde\/kanzlei-online-schalter\/gis\/#primaryimage"},"thumbnailUrl":"https:\/\/www.randa.ch\/wp-content\/uploads\/2013\/11\/gis-randa-300x171.jpg","datePublished":"2013-11-01T11:03:47+00:00","dateModified":"2021-08-30T13:40:08+00:00","breadcrumb":{"@id":"https:\/\/www.randa.ch\/en\/gemeinde\/kanzlei-online-schalter\/gis\/#breadcrumb"},"inLanguage":"en-US","potentialAction":[{"@type":"ReadAction","target":["https:\/\/www.randa.ch\/en\/gemeinde\/kanzlei-online-schalter\/gis\/"]}]},{"@type":"ImageObject","inLanguage":"en-US","@id":"https:\/\/www.randa.ch\/en\/gemeinde\/kanzlei-online-schalter\/gis\/#primaryimage","url":"https:\/\/www.randa.ch\/wp-content\/uploads\/2013\/11\/gis-randa-300x171.jpg","contentUrl":"https:\/\/www.randa.ch\/wp-content\/uploads\/2013\/11\/gis-randa-300x171.jpg"},{"@type":"BreadcrumbList","@id":"https:\/\/www.randa.ch\/en\/gemeinde\/kanzlei-online-schalter\/gis\/#breadcrumb","itemListElement":[{"@type":"ListItem","position":1,"name":"Startseite","item":"https:\/\/www.randa.ch\/en\/"},{"@type":"ListItem","position":2,"name":"Die Gemeinde Randa","item":"https:\/\/www.randa.ch\/en\/gemeinde\/"},{"@type":"ListItem","position":3,"name":"Kanzlei &#038; Online Schalter","item":"https:\/\/www.randa.ch\/en\/gemeinde\/kanzlei-online-schalter\/"},{"@type":"ListItem","position":4,"name":"Geografisches Informationssystem der Gemeinde Randa"}]},{"@type":"WebSite","@id":"https:\/\/www.randa.ch\/#website","url":"https:\/\/www.randa.ch\/","name":"Gemeinde Randa","description":"... the idyllic mountain village","publisher":{"@id":"https:\/\/www.randa.ch\/#organization"},"potentialAction":[{"@type":"SearchAction","target":{"@type":"EntryPoint","urlTemplate":"https:\/\/www.randa.ch\/?s={search_term_string}"},"query-input":{"@type":"PropertyValueSpecification","valueRequired":true,"valueName":"search_term_string"}}],"inLanguage":"en-US"},{"@type":"Organization","@id":"https:\/\/www.randa.ch\/#organization","name":"Gemeinde Randa","url":"https:\/\/www.randa.ch\/","logo":{"@type":"ImageObject","inLanguage":"en-US","@id":"https:\/\/www.randa.ch\/#\/schema\/logo\/image\/","url":"https:\/\/www.randa.ch\/wp-content\/uploads\/2015\/06\/logo_q.jpg","contentUrl":"https:\/\/www.randa.ch\/wp-content\/uploads\/2015\/06\/logo_q.jpg","width":250,"height":250,"caption":"Gemeinde Randa"},"image":{"@id":"https:\/\/www.randa.ch\/#\/schema\/logo\/image\/"},"sameAs":["https:\/\/www.facebook.com\/gemeinde.randa","https:\/\/www.pinterest.com\/randawallis\/","https:\/\/www.youtube.com\/RandaWallis"]}]}},"publishpress_future_action":{"enabled":false,"date":"2026-04-23 00:41:58","action":"change-status","newStatus":"draft","terms":[],"taxonomy":"translation_priority","extraData":[]},"publishpress_future_workflow_manual_trigger":{"enabledWorkflows":[]},"_links":{"self":[{"href":"https:\/\/www.randa.ch\/en\/wp-json\/wp\/v2\/pages\/751","targetHints":{"allow":["GET"]}}],"collection":[{"href":"https:\/\/www.randa.ch\/en\/wp-json\/wp\/v2\/pages"}],"about":[{"href":"https:\/\/www.randa.ch\/en\/wp-json\/wp\/v2\/types\/page"}],"author":[{"embeddable":true,"href":"https:\/\/www.randa.ch\/en\/wp-json\/wp\/v2\/users\/2"}],"replies":[{"embeddable":true,"href":"https:\/\/www.randa.ch\/en\/wp-json\/wp\/v2\/comments?post=751"}],"version-history":[{"count":22,"href":"https:\/\/www.randa.ch\/en\/wp-json\/wp\/v2\/pages\/751\/revisions"}],"predecessor-version":[{"id":33495,"href":"https:\/\/www.randa.ch\/en\/wp-json\/wp\/v2\/pages\/751\/revisions\/33495"}],"up":[{"embeddable":true,"href":"https:\/\/www.randa.ch\/en\/wp-json\/wp\/v2\/pages\/757"}],"wp:attachment":[{"href":"https:\/\/www.randa.ch\/en\/wp-json\/wp\/v2\/media?parent=751"}],"curies":[{"name":"wp","href":"https:\/\/api.w.org\/{rel}","templated":true}]}}