{"id":750,"date":"2013-11-01T12:04:00","date_gmt":"2013-11-01T12:04:00","guid":{"rendered":"http:\/\/www.randa.ch\/gemeinde\/bildung\/"},"modified":"2024-12-06T11:57:43","modified_gmt":"2024-12-06T10:57:43","slug":"bildung","status":"publish","type":"page","link":"https:\/\/www.randa.ch\/en\/gemeinde\/bildung\/","title":{"rendered":"Schulregion Zermatt\/T\u00e4sch\/Randa"},"content":{"rendered":"<p>[et_pb_section fb_built=&#8221;1&#8243; specialty=&#8221;on&#8221; custom_padding_last_edited=&#8221;on|desktop&#8221; parallax_method_1=&#8221;off&#8221; parallax_method_2=&#8221;off&#8221; _builder_version=&#8221;4.16&#8243; custom_padding_tablet=&#8221;50px|0|50px|0&#8243; custom_padding_phone=&#8221;&#8221; transparent_background=&#8221;off&#8221; padding_mobile=&#8221;off&#8221; make_fullwidth=&#8221;off&#8221; use_custom_width=&#8221;off&#8221; width_unit=&#8221;on&#8221; global_colors_info=&#8221;{}&#8221;][et_pb_column type=&#8221;3_4&#8243; specialty_columns=&#8221;3&#8243; _builder_version=&#8221;4.16&#8243; custom_padding=&#8221;|||&#8221; global_colors_info=&#8221;{}&#8221; custom_padding__hover=&#8221;|||&#8221;][et_pb_row_inner admin_label=&#8221;Zeile&#8221; _builder_version=&#8221;4.16&#8243; global_colors_info=&#8221;{}&#8221;][et_pb_column_inner saved_specialty_column_type=&#8221;3_4&#8243; _builder_version=&#8221;4.16&#8243; custom_padding=&#8221;|||&#8221; global_colors_info=&#8221;{}&#8221; custom_padding__hover=&#8221;|||&#8221;][et_pb_text _builder_version=&#8221;4.27.3&#8243; background_size=&#8221;initial&#8221; background_position=&#8221;top_left&#8221; background_repeat=&#8221;repeat&#8221; hover_enabled=&#8221;0&#8243; use_border_color=&#8221;off&#8221; global_colors_info=&#8221;{}&#8221; sticky_enabled=&#8221;0&#8243;]<\/p>\n<h1 class=\"page-title\">Schulregion Zermatt\/T\u00e4sch\/Randa<\/h1>\n<p><span style=\"font-family: 'Arial',sans-serif;\">Seit 1948 besuchen die Sch\u00fcler aus Randa und T\u00e4sch die Orientierungsschule in Zermatt. Dagegen hatten diese beiden Gemeinden bis im Jahr 2009 eine eigene Kinder- und Primarschule. Leider waren die Sch\u00fclerzahlen in den letzten Jahren immer r\u00fcckl\u00e4ufig und es stellte sich die Frage, wie lange unsere Gemeinde eine Schule aufrechterhalten konnte. Mit dem Wissen, dass ein Dorf ohne Schule eine eher schlechte Zukunftsperspektive hat, wurde zusammen mit den Nachbargemeinden T\u00e4sch und Zermatt nach L\u00f6sungen gesucht. Aus dieser Notlage entstand die heute sehr gut integrierte und funktionierende Schulregion Zermatt\/T\u00e4sch\/Randa. Aus einer mittelgrossen und zwei kleineren Schulen entstand eine grosse Schulregion, welche in zwei Gruppen unterteilt wird. F\u00fcr die Orientierungsschule ist Alexandra Henzen verantwortlich, die Leitung der Schulregion T\u00e4sch\/Randa sowie den Primarschulen von Zermatt hat Pino Mazzone. Die Primarschulen von T\u00e4sch und Randa haben in den beiden Gemeinden weiterhin Bestand und wurden wie folgt aufgeteilt:<\/span><\/p>\n<p><span style=\"font-family: 'Arial',sans-serif;\">In T\u00e4sch besuchen unsere Sch\u00fcler die 1H bis 5H und in Randa die 6H bis 8H.<\/span><\/p>\n<p>Weitere Informationen finden Sie unter folgendem Link: <u><a href=\"http:\/\/www.schulregionzermatt.ch\">www.schulregionzermatt.ch<\/a><\/u>\u00a0<\/p>\n<h2>Kontakte<\/h2>\n<div id=\"cn-top\" style=\"position: absolute; top: 0; right: 0;\"><\/div><div class=\"cn-list\" id=\"cn-list\" data-connections-version=\"10.4.66-0.7\"><div class=\"cn-template cn-slim-plus\" id=\"cn-slim-plus\" data-template-version=\"1.0.1\"><div class=\"cn-list-head\"><form class=\"cn-form\" action=\"\" method=\"get\"><\/div><!-- END .cn-list-head --><div class=\"cn-list-body\" id=\"cn-list-body\"><div class=\"cn-list-row cn-list-item vcard individual baukommission behoerden finanzen schule-randa-taesch jugendkommission kindergarten-primarschule kirchenrat kommissionen-und-aemter os-zermatt schule-randa schulen schulkommission-randa show sozialmedizinisches-zentrum-integration tourismus\" id=\"aldo-brantschen-1\" data-entry-type=\"individual\" data-entry-id=\"290\" data-entry-slug=\"aldo-brantschen-1\"><div id=\"entry-id-29069e1d33bdeabf\" class=\"cn-entry\"><h3 class=\"cn-accordion-item\" data-div-id=\"cn-detail-29069e1d33bdeabf\" style=\"border-bottom: #00508D 1px solid; color:#00508D;\"><span class=\"cn-sprite cn-open\" style=\"background-color: #00508D;\"><\/span><a title=\"Aldo Brantschen\" href=\"https:\/\/www.randa.ch\/gewerbe\/name\/aldo-brantschen-1\/\"><span class=\"fn n notranslate\"> <span class=\"given-name\">Aldo<\/span> <span class=\"family-name\">Brantschen<\/span> <\/span><\/a><\/h3><div class=\"cn-detail cn-clear cn-show\" id=\"cn-detail-29069e1d33bdeabf\"><div class=\"cn-left\"><\/div><div class=\"cn-right\"><span class=\"title notranslate\">Gemeindevizepr\u00e4sident | Schulpr\u00e4sident<\/span><span class=\"org\"><span class=\"organization-name notranslate\">Gemeindeverwaltung Randa<\/span><\/span><span class=\"address-block\"><span class=\"adr cn-address\"><span class=\"address-name\">Adresse<\/span> <span class=\"street-address notranslate\">Untere Wildi 6<\/span> <span class=\"postal-code\">3928<\/span> <span class=\"locality\">Randa<\/span> <span class=\"type\" style=\"display: none;\">home<\/span><\/span><\/span><span class=\"phone-number-block\"><span class=\"tel cn-phone-number cn-phone-number-type-cellphone\"><span class=\"phone-name\">Cell Phone<\/span><span class=\"cn-separator\">:<\/span> <a class=\"value\" href=\"tel:078%20821%2021%2035\" value=\"0788212135\">078 821 21 35<\/a><span class=\"type\" style=\"display: none;\">cell<\/span><\/span><\/span><span class=\"email-address-block\"><span class=\"email cn-email-address\"><span class=\"email-name\">Personal Email<\/span><span class=\"cn-separator\">:<\/span> <span class=\"email-address\"><a class=\"value\" title=\"Aldo Brantschen personal email.\" href=\"mailto:aldo.brantschen@randa.ch\">aldo.brantschen@randa.ch<\/a><\/span><span class=\"type\" style=\"display: none;\">INTERNET<\/span><\/span><\/span><\/div><\/div><\/div><\/div><!-- END #aldo-brantschen-1 --><div class=\"cn-list-row-alternate cn-list-item vcard individual kommissionen-und-aemter os-zermatt schulen show\" id=\"alexandra-henzen\" data-entry-type=\"individual\" data-entry-id=\"286\" data-entry-slug=\"alexandra-henzen\"><div id=\"entry-id-28669e1d33be3480\" class=\"cn-entry\"><h3 class=\"cn-accordion-item\" data-div-id=\"cn-detail-28669e1d33be3480\" style=\"border-bottom: #00508D 1px solid; color:#00508D;\"><span class=\"cn-sprite cn-open\" style=\"background-color: #00508D;\"><\/span><a title=\"Alexandra Henzen-Perren\" href=\"https:\/\/www.randa.ch\/gewerbe\/name\/alexandra-henzen\/\"><span class=\"fn n notranslate\"> <span class=\"given-name\">Alexandra<\/span> <span class=\"family-name\">Henzen-Perren<\/span> <\/span><\/a><\/h3><div class=\"cn-detail cn-clear cn-show\" id=\"cn-detail-28669e1d33be3480\"><div class=\"cn-left\"><\/div><div class=\"cn-right\"><span class=\"title notranslate\">Schulleiterin Orientierungsschule<\/span><span class=\"phone-number-block\"><span class=\"tel cn-phone-number cn-phone-number-type-workphone\"><span class=\"phone-name\">Work Phone<\/span><span class=\"cn-separator\">:<\/span> <a class=\"value\" href=\"tel:027%20966%2046%2027\" value=\"0279664627\">027 966 46 27<\/a><span class=\"type\" style=\"display: none;\">work<\/span><\/span><\/span><span class=\"email-address-block\"><span class=\"email cn-email-address cn-preferred cn-email-address-preferred\"><span class=\"email-name\">Work Email<\/span><span class=\"cn-separator\">:<\/span> <span class=\"email-address\"><a class=\"value\" title=\"Alexandra Henzen-Perren work email.\" href=\"mailto:schulleitung.os@zermatt.ch\">schulleitung.os@zermatt.ch<\/a><\/span><span class=\"type\" style=\"display: none;\">INTERNET<\/span><\/span><\/span><\/div><\/div><\/div><\/div><!-- END #alexandra-henzen --><div class=\"cn-list-row cn-list-item vcard individual kommissionen-und-aemter schule-randa schulen schulkommission-taesch schulkommission-randa show schule-taesch\" id=\"alexandra-mooser\" data-entry-type=\"individual\" data-entry-id=\"309\" data-entry-slug=\"alexandra-mooser\"><div id=\"entry-id-30969e1d33be6fcf\" class=\"cn-entry\"><h3 class=\"cn-accordion-item\" data-div-id=\"cn-detail-30969e1d33be6fcf\" style=\"border-bottom: #00508D 1px solid; color:#00508D;\"><span class=\"cn-sprite cn-open\" style=\"background-color: #00508D;\"><\/span><a title=\"Alain Summermatter\" href=\"https:\/\/www.randa.ch\/gewerbe\/name\/alexandra-mooser\/\"><span class=\"fn n notranslate\"> <span class=\"given-name\">Alain<\/span> <span class=\"family-name\">Summermatter<\/span> <\/span><\/a><\/h3><div class=\"cn-detail cn-clear cn-show\" id=\"cn-detail-30969e1d33be6fcf\"><div class=\"cn-left\"><\/div><div class=\"cn-right\"><span class=\"title notranslate\">Schulleitung, Schulen Randa \u2013 T\u00e4sch,<\/span><span class=\"org\"><span class=\"organization-unit notranslate\">Schule Randa | Schule T\u00e4sch<\/span><\/span><span class=\"phone-number-block\"><span class=\"tel cn-phone-number cn-phone-number-type-workphone\"><span class=\"phone-name\">Work Phone<\/span><span class=\"cn-separator\">:<\/span> <a class=\"value\" href=\"tel:027%20966%2046%2028\" value=\"0279664628\">027 966 46 28<\/a><span class=\"type\" style=\"display: none;\">work<\/span><\/span><\/span><span class=\"email-address-block\"><span class=\"email cn-email-address\"><span class=\"email-name\">Work Email<\/span><span class=\"cn-separator\">:<\/span> <span class=\"email-address\"><a class=\"value\" title=\"Alain Summermatter work email.\" href=\"mailto:schulleitung.region@zermatt.ch\">schulleitung.region@zermatt.ch<\/a><\/span><span class=\"type\" style=\"display: none;\">INTERNET<\/span><\/span><\/span><\/div><\/div><\/div><\/div><!-- END #alexandra-mooser --><\/div><!-- END #cn-list-body --><div class=\"cn-list-foot\"><\/form><\/div><!-- END .cn-list-foot --><\/div><!-- END #cn-slim-plus --><\/div><!-- END #cn-list -->\n<h2 style=\"clear: both;\">Information Schulgesundheit<\/h2>\n<h3>Schularzt<\/h3>\n<p>Schularzt Primarschule (1H-8H) Randa, T\u00e4sch &#8211; Dr. Bannwart Christian<\/p>\n<h3>Schulgesundheit<\/h3>\n<p>Baumgartner Renate, Ritler Andrea<br \/>Pflegefachfrauen Schulgesundheit<\/p>\n<p>Gesundheitsf\u00f6rderung Wallis<br \/>Seewjinenstrasse 2, 3930 Visp<br \/>B\u00fcro: 027 946 40 47 \/ Natel: 079 964 18 73<br \/><a href=\"mailto:renate.baumgartner@psvalais.ch\">renate.baumgartner@psvalais.ch \/ <\/a><a href=\"mailto:andrea.ritler@psvalais.ch\">andrea.ritler@psvalais.ch<\/a><\/p>\n<p><a href=\"https:\/\/www.gesundheitsfoerderungwallis.ch\/de\/schulgesundheit-460.html\">Gesundheitsf\u00f6rderung Wallis &#8211; Schulgesundheit<\/a><\/p>\n<p>Flyer Die L\u00e4use sind zur\u00fcck!<br \/><a href=\"https:\/\/www.gesundheitsfoerderungwallis.ch\/data\/documents\/SanteScolaire\/Pediculose\/LVP101_Poux_allemand_Coul.pdf\">Deutsch <\/a><a href=\"https:\/\/www.gesundheitsfoerderungwallis.ch\/data\/documents\/SanteScolaire\/Pediculose\/LVP101_Poux_francais_coul_2.pdf\">Franz\u00f6sisch <\/a><a href=\"https:\/\/www.gesundheitsfoerderungwallis.ch\/data\/documents\/SanteScolaire\/Pediculose\/LVP101_Poux_anglais_Coul.pdf\">Englisch <\/a><a href=\"https:\/\/www.gesundheitsfoerderungwallis.ch\/data\/documents\/SanteScolaire\/Pediculose\/LVP101_Poux_Albanais_Coul.pdf\">Albanisch <\/a><a href=\"https:\/\/www.gesundheitsfoerderungwallis.ch\/data\/documents\/SanteScolaire\/Pediculose\/LVP101_Poux_Portugais_Coul.pdf\">Portugiesisch<\/a><\/p>\n<p>[\/et_pb_text][\/et_pb_column_inner][\/et_pb_row_inner][\/et_pb_column][et_pb_column type=&#8221;1_4&#8243; _builder_version=&#8221;4.16&#8243; custom_padding=&#8221;|||&#8221; global_colors_info=&#8221;{}&#8221; custom_padding__hover=&#8221;|||&#8221;][et_pb_sidebar orientation=&#8221;right&#8221; area=&#8221;et_pb_widget_area_16&#8243; _builder_version=&#8221;4.16&#8243; remove_border=&#8221;off&#8221; global_colors_info=&#8221;{}&#8221;][\/et_pb_sidebar][\/et_pb_column][\/et_pb_section]<\/p>\n","protected":false},"excerpt":{"rendered":"<p>Schulregion Zermatt\/T\u00e4sch\/Randa Seit 1948 besuchen die Sch\u00fcler aus Randa und T\u00e4sch die Orientierungsschule in Zermatt. Dagegen hatten diese beiden Gemeinden bis im Jahr 2009 eine eigene Kinder- und Primarschule. Leider waren die Sch\u00fclerzahlen in den letzten Jahren immer r\u00fcckl\u00e4ufig und es stellte sich die Frage, wie lange unsere Gemeinde eine Schule aufrechterhalten konnte. Mit dem [&hellip;]<\/p>\n <a href=\"https:\/\/www.randa.ch\/en\/gemeinde\/bildung\/\" class=\"more-link startweg\" title=\"Read More\">Weiterlesen<\/a>","protected":false},"author":2,"featured_media":0,"parent":742,"menu_order":0,"comment_status":"open","ping_status":"open","template":"","meta":{"_et_pb_use_builder":"on","_et_pb_old_content":"","_et_gb_content_width":"","_cbd_carousel_blocks":"[]","footnotes":""},"class_list":["post-750","page","type-page","status-publish","hentry"],"yoast_head":"<!-- This site is optimized with the Yoast SEO plugin v27.1.1 - https:\/\/yoast.com\/product\/yoast-seo-wordpress\/ -->\n<title>Schulregion Zermatt\/T\u00e4sch\/Randa - Gemeinde Randa<\/title>\n<meta name=\"robots\" content=\"index, follow, max-snippet:-1, max-image-preview:large, max-video-preview:-1\" \/>\n<link rel=\"canonical\" href=\"https:\/\/www.randa.ch\/en\/gemeinde\/bildung\/\" \/>\n<meta property=\"og:locale\" content=\"en_US\" \/>\n<meta property=\"og:type\" content=\"article\" \/>\n<meta property=\"og:title\" content=\"Schulregion Zermatt\/T\u00e4sch\/Randa - Gemeinde Randa\" \/>\n<meta property=\"og:description\" content=\"Schulregion Zermatt\/T\u00e4sch\/Randa Seit 1948 besuchen die Sch\u00fcler aus Randa und T\u00e4sch die Orientierungsschule in Zermatt. Dagegen hatten diese beiden Gemeinden bis im Jahr 2009 eine eigene Kinder- und Primarschule. Leider waren die Sch\u00fclerzahlen in den letzten Jahren immer r\u00fcckl\u00e4ufig und es stellte sich die Frage, wie lange unsere Gemeinde eine Schule aufrechterhalten konnte. Mit dem [&hellip;]\" \/>\n<meta property=\"og:url\" content=\"https:\/\/www.randa.ch\/en\/gemeinde\/bildung\/\" \/>\n<meta property=\"og:site_name\" content=\"Gemeinde Randa\" \/>\n<meta property=\"article:publisher\" content=\"https:\/\/www.facebook.com\/gemeinde.randa\" \/>\n<meta property=\"article:modified_time\" content=\"2024-12-06T10:57:43+00:00\" \/>\n<meta property=\"og:image\" content=\"https:\/\/www.randa.ch\/wp-content\/uploads\/2015\/06\/logo_q.jpg\" \/>\n\t<meta property=\"og:image:width\" content=\"250\" \/>\n\t<meta property=\"og:image:height\" content=\"250\" \/>\n\t<meta property=\"og:image:type\" content=\"image\/jpeg\" \/>\n<meta name=\"twitter:card\" content=\"summary_large_image\" \/>\n<meta name=\"twitter:label1\" content=\"Est. reading time\" \/>\n\t<meta name=\"twitter:data1\" content=\"2 minutes\" \/>\n<script type=\"application\/ld+json\" class=\"yoast-schema-graph\">{\"@context\":\"https:\/\/schema.org\",\"@graph\":[{\"@type\":\"WebPage\",\"@id\":\"https:\/\/www.randa.ch\/en\/gemeinde\/bildung\/\",\"url\":\"https:\/\/www.randa.ch\/en\/gemeinde\/bildung\/\",\"name\":\"Schulregion Zermatt\/T\u00e4sch\/Randa - Gemeinde Randa\",\"isPartOf\":{\"@id\":\"https:\/\/www.randa.ch\/#website\"},\"datePublished\":\"2013-11-01T12:04:00+00:00\",\"dateModified\":\"2024-12-06T10:57:43+00:00\",\"breadcrumb\":{\"@id\":\"https:\/\/www.randa.ch\/en\/gemeinde\/bildung\/#breadcrumb\"},\"inLanguage\":\"en-US\",\"potentialAction\":[{\"@type\":\"ReadAction\",\"target\":[\"https:\/\/www.randa.ch\/en\/gemeinde\/bildung\/\"]}]},{\"@type\":\"BreadcrumbList\",\"@id\":\"https:\/\/www.randa.ch\/en\/gemeinde\/bildung\/#breadcrumb\",\"itemListElement\":[{\"@type\":\"ListItem\",\"position\":1,\"name\":\"Startseite\",\"item\":\"https:\/\/www.randa.ch\/en\/\"},{\"@type\":\"ListItem\",\"position\":2,\"name\":\"Die Gemeinde Randa\",\"item\":\"https:\/\/www.randa.ch\/en\/gemeinde\/\"},{\"@type\":\"ListItem\",\"position\":3,\"name\":\"Schulregion Zermatt\/T\u00e4sch\/Randa\"}]},{\"@type\":\"WebSite\",\"@id\":\"https:\/\/www.randa.ch\/#website\",\"url\":\"https:\/\/www.randa.ch\/\",\"name\":\"Gemeinde Randa\",\"description\":\"... the idyllic mountain village\",\"publisher\":{\"@id\":\"https:\/\/www.randa.ch\/#organization\"},\"potentialAction\":[{\"@type\":\"SearchAction\",\"target\":{\"@type\":\"EntryPoint\",\"urlTemplate\":\"https:\/\/www.randa.ch\/?s={search_term_string}\"},\"query-input\":{\"@type\":\"PropertyValueSpecification\",\"valueRequired\":true,\"valueName\":\"search_term_string\"}}],\"inLanguage\":\"en-US\"},{\"@type\":\"Organization\",\"@id\":\"https:\/\/www.randa.ch\/#organization\",\"name\":\"Gemeinde Randa\",\"url\":\"https:\/\/www.randa.ch\/\",\"logo\":{\"@type\":\"ImageObject\",\"inLanguage\":\"en-US\",\"@id\":\"https:\/\/www.randa.ch\/#\/schema\/logo\/image\/\",\"url\":\"https:\/\/www.randa.ch\/wp-content\/uploads\/2015\/06\/logo_q.jpg\",\"contentUrl\":\"https:\/\/www.randa.ch\/wp-content\/uploads\/2015\/06\/logo_q.jpg\",\"width\":250,\"height\":250,\"caption\":\"Gemeinde Randa\"},\"image\":{\"@id\":\"https:\/\/www.randa.ch\/#\/schema\/logo\/image\/\"},\"sameAs\":[\"https:\/\/www.facebook.com\/gemeinde.randa\",\"https:\/\/www.pinterest.com\/randawallis\/\",\"https:\/\/www.youtube.com\/RandaWallis\"]}]}<\/script>\n<!-- \/ Yoast SEO plugin. -->","yoast_head_json":{"title":"Schulregion Zermatt\/T\u00e4sch\/Randa - Gemeinde Randa","robots":{"index":"index","follow":"follow","max-snippet":"max-snippet:-1","max-image-preview":"max-image-preview:large","max-video-preview":"max-video-preview:-1"},"canonical":"https:\/\/www.randa.ch\/en\/gemeinde\/bildung\/","og_locale":"en_US","og_type":"article","og_title":"Schulregion Zermatt\/T\u00e4sch\/Randa - Gemeinde Randa","og_description":"Schulregion Zermatt\/T\u00e4sch\/Randa Seit 1948 besuchen die Sch\u00fcler aus Randa und T\u00e4sch die Orientierungsschule in Zermatt. Dagegen hatten diese beiden Gemeinden bis im Jahr 2009 eine eigene Kinder- und Primarschule. Leider waren die Sch\u00fclerzahlen in den letzten Jahren immer r\u00fcckl\u00e4ufig und es stellte sich die Frage, wie lange unsere Gemeinde eine Schule aufrechterhalten konnte. Mit dem [&hellip;]","og_url":"https:\/\/www.randa.ch\/en\/gemeinde\/bildung\/","og_site_name":"Gemeinde Randa","article_publisher":"https:\/\/www.facebook.com\/gemeinde.randa","article_modified_time":"2024-12-06T10:57:43+00:00","og_image":[{"width":250,"height":250,"url":"https:\/\/www.randa.ch\/wp-content\/uploads\/2015\/06\/logo_q.jpg","type":"image\/jpeg"}],"twitter_card":"summary_large_image","twitter_misc":{"Est. reading time":"2 minutes"},"schema":{"@context":"https:\/\/schema.org","@graph":[{"@type":"WebPage","@id":"https:\/\/www.randa.ch\/en\/gemeinde\/bildung\/","url":"https:\/\/www.randa.ch\/en\/gemeinde\/bildung\/","name":"Schulregion Zermatt\/T\u00e4sch\/Randa - Gemeinde Randa","isPartOf":{"@id":"https:\/\/www.randa.ch\/#website"},"datePublished":"2013-11-01T12:04:00+00:00","dateModified":"2024-12-06T10:57:43+00:00","breadcrumb":{"@id":"https:\/\/www.randa.ch\/en\/gemeinde\/bildung\/#breadcrumb"},"inLanguage":"en-US","potentialAction":[{"@type":"ReadAction","target":["https:\/\/www.randa.ch\/en\/gemeinde\/bildung\/"]}]},{"@type":"BreadcrumbList","@id":"https:\/\/www.randa.ch\/en\/gemeinde\/bildung\/#breadcrumb","itemListElement":[{"@type":"ListItem","position":1,"name":"Startseite","item":"https:\/\/www.randa.ch\/en\/"},{"@type":"ListItem","position":2,"name":"Die Gemeinde Randa","item":"https:\/\/www.randa.ch\/en\/gemeinde\/"},{"@type":"ListItem","position":3,"name":"Schulregion Zermatt\/T\u00e4sch\/Randa"}]},{"@type":"WebSite","@id":"https:\/\/www.randa.ch\/#website","url":"https:\/\/www.randa.ch\/","name":"Gemeinde Randa","description":"... the idyllic mountain village","publisher":{"@id":"https:\/\/www.randa.ch\/#organization"},"potentialAction":[{"@type":"SearchAction","target":{"@type":"EntryPoint","urlTemplate":"https:\/\/www.randa.ch\/?s={search_term_string}"},"query-input":{"@type":"PropertyValueSpecification","valueRequired":true,"valueName":"search_term_string"}}],"inLanguage":"en-US"},{"@type":"Organization","@id":"https:\/\/www.randa.ch\/#organization","name":"Gemeinde Randa","url":"https:\/\/www.randa.ch\/","logo":{"@type":"ImageObject","inLanguage":"en-US","@id":"https:\/\/www.randa.ch\/#\/schema\/logo\/image\/","url":"https:\/\/www.randa.ch\/wp-content\/uploads\/2015\/06\/logo_q.jpg","contentUrl":"https:\/\/www.randa.ch\/wp-content\/uploads\/2015\/06\/logo_q.jpg","width":250,"height":250,"caption":"Gemeinde Randa"},"image":{"@id":"https:\/\/www.randa.ch\/#\/schema\/logo\/image\/"},"sameAs":["https:\/\/www.facebook.com\/gemeinde.randa","https:\/\/www.pinterest.com\/randawallis\/","https:\/\/www.youtube.com\/RandaWallis"]}]}},"publishpress_future_action":{"enabled":false,"date":"2026-04-24 08:29:16","action":"change-status","newStatus":"draft","terms":[],"taxonomy":"translation_priority","extraData":[]},"publishpress_future_workflow_manual_trigger":{"enabledWorkflows":[]},"_links":{"self":[{"href":"https:\/\/www.randa.ch\/en\/wp-json\/wp\/v2\/pages\/750","targetHints":{"allow":["GET"]}}],"collection":[{"href":"https:\/\/www.randa.ch\/en\/wp-json\/wp\/v2\/pages"}],"about":[{"href":"https:\/\/www.randa.ch\/en\/wp-json\/wp\/v2\/types\/page"}],"author":[{"embeddable":true,"href":"https:\/\/www.randa.ch\/en\/wp-json\/wp\/v2\/users\/2"}],"replies":[{"embeddable":true,"href":"https:\/\/www.randa.ch\/en\/wp-json\/wp\/v2\/comments?post=750"}],"version-history":[{"count":35,"href":"https:\/\/www.randa.ch\/en\/wp-json\/wp\/v2\/pages\/750\/revisions"}],"predecessor-version":[{"id":43051,"href":"https:\/\/www.randa.ch\/en\/wp-json\/wp\/v2\/pages\/750\/revisions\/43051"}],"up":[{"embeddable":true,"href":"https:\/\/www.randa.ch\/en\/wp-json\/wp\/v2\/pages\/742"}],"wp:attachment":[{"href":"https:\/\/www.randa.ch\/en\/wp-json\/wp\/v2\/media?parent=750"}],"curies":[{"name":"wp","href":"https:\/\/api.w.org\/{rel}","templated":true}]}}