{"id":2547,"date":"2014-01-29T14:42:41","date_gmt":"2014-01-29T13:42:41","guid":{"rendered":"http:\/\/www.randa.ch\/mountain-huts\/kin-hut-2932-masl\/"},"modified":"2021-08-27T10:51:34","modified_gmt":"2021-08-27T08:51:34","slug":"kin-hut","status":"publish","type":"page","link":"https:\/\/www.randa.ch\/en\/tourism\/mountain-huts\/kin-hut\/","title":{"rendered":"Kin Hut | 2932 MASL"},"content":{"rendered":"<p>[et_pb_section fb_built=&#8221;1&#8243; specialty=&#8221;on&#8221; custom_padding_last_edited=&#8221;on|desktop&#8221; parallax_method_1=&#8221;off&#8221; parallax_method_2=&#8221;off&#8221; admin_label=&#8221;Sektion&#8221; _builder_version=&#8221;3.22&#8243; custom_padding_tablet=&#8221;50px|0|50px|0&#8243; custom_padding_phone=&#8221;&#8221; transparent_background=&#8221;off&#8221; padding_mobile=&#8221;off&#8221; make_fullwidth=&#8221;off&#8221; use_custom_width=&#8221;off&#8221; width_unit=&#8221;on&#8221;][et_pb_column type=&#8221;3_4&#8243; specialty_columns=&#8221;3&#8243; _builder_version=&#8221;3.25&#8243; custom_padding=&#8221;|||&#8221; custom_padding__hover=&#8221;|||&#8221;][et_pb_row_inner admin_label=&#8221;Zeile&#8221; _builder_version=&#8221;3.25&#8243;][et_pb_column_inner saved_specialty_column_type=&#8221;3_4&#8243; _builder_version=&#8221;3.25&#8243; custom_padding=&#8221;|||&#8221; custom_padding__hover=&#8221;|||&#8221;][et_pb_text admin_label=&#8221;Text&#8221; _builder_version=&#8221;3.27.4&#8243; background_size=&#8221;initial&#8221; background_position=&#8221;top_left&#8221; background_repeat=&#8221;repeat&#8221; use_border_color=&#8221;off&#8221; border_color=&#8221;#ffffff&#8221; border_style=&#8221;solid&#8221;]<\/p>\n<h1>Kin Hut | 2932 MASL<\/h1>\n<p><a href=\"https:\/\/www.randa.ch\/wp-content\/uploads\/2013\/10\/kinh\u00fctte-randa.jpg\" data-rel=\"lightbox-gallery-yUVNx1Xq\" data-rl_title=\"\" data-rl_caption=\"\" title=\"\"><img loading=\"lazy\" decoding=\"async\" class=\"alignright size-medium wp-image-295 custom-frame\" src=\"https:\/\/www.randa.ch\/wp-content\/uploads\/2013\/10\/kinh\u00fctte-randa-300x200.jpg\" alt=\"Kin Hut Randa\" width=\"300\" height=\"200\" srcset=\"https:\/\/www.randa.ch\/wp-content\/uploads\/2013\/10\/kinh\u00fctte-randa-300x200.jpg 300w, https:\/\/www.randa.ch\/wp-content\/uploads\/2013\/10\/kinh\u00fctte-randa-1024x682.jpg 1024w, https:\/\/www.randa.ch\/wp-content\/uploads\/2013\/10\/kinh\u00fctte-randa.jpg 1800w\" sizes=\"(max-width: 300px) 100vw, 300px\" \/><\/a>The Kin Hut is situated at 2584 metres in the middle of the four-thousanders of the Mischabel range. The Kin Hut is the starting point for many mountain tours and walks.<\/p>\n<h6>Mountain tours<\/h6>\n<ul>\n<li>Kinnhorn &#8211; Grabenhorn &#8211; T\u00e4schhorn 4490 m, &#8211; T\u00e4schhorn-Dom pass<\/li>\n<li>T\u00e4schhorn descent via Mischabelgrat to Mischabelbiwack.<\/li>\n<li>Festi-Kinn-L\u00fccke descent to the Dom Hut<\/li>\n<li>Also suitable location for Europaweg stage<\/li>\n<\/ul>\n<h6>Walks<\/h6>\n<ul>\n<li>Zermatt-T\u00e4schalp-Gr\u00e4chen fork approx. 1 hour<\/li>\n<li>Randa approx 3.5 hours<\/li>\n<li>Randa \u00c4ttermenzen campsite approx. 3.5 hours<\/li>\n<\/ul>\n<h6>Opening times<\/h6>\n<p>Summer: end of June \u2013 end of September<br \/>\n[\/et_pb_text][et_pb_tabs admin_label=&#8221;Registerkarte&#8221; _builder_version=&#8221;4.9.4&#8243; background_size=&#8221;initial&#8221; background_position=&#8221;top_left&#8221; background_repeat=&#8221;repeat&#8221; hover_enabled=&#8221;0&#8243; use_border_color=&#8221;off&#8221; border_color=&#8221;#ffffff&#8221; border_style=&#8221;solid&#8221; sticky_enabled=&#8221;0&#8243;][et_pb_tab title=&#8221;Facilities &#038; price&#8221; _builder_version=&#8221;3.0.48&#8243; body_font=&#8221;||||&#8221; body_line_height=&#8221;2em&#8221; tab_font=&#8221;||||&#8221; tab_line_height=&#8221;2em&#8221; background_size=&#8221;initial&#8221; background_position=&#8221;top_left&#8221; background_repeat=&#8221;repeat&#8221; body_line_height_tablet=&#8221;2em&#8221; body_line_height_phone=&#8221;2em&#8221; tab_line_height_tablet=&#8221;2em&#8221; tab_line_height_phone=&#8221;2em&#8221;]The Kin Hut is a private lodge. Unfortunately no discounts are available for SAC members.<\/p>\n<p>One night&#8217;s stay CHF 30<br \/>\nOne night&#8217;s stay incl. breakfast CHF 40<br \/>\nHalf-board CHF 65<br \/>\n[\/et_pb_tab][et_pb_tab title=&#8221;Reservation &#038; Contact&#8221; _builder_version=&#8221;4.9.4&#8243; body_font=&#8221;||||&#8221; body_line_height=&#8221;2em&#8221; tab_font=&#8221;||||&#8221; tab_line_height=&#8221;2em&#8221; background_size=&#8221;initial&#8221; background_position=&#8221;top_left&#8221; background_repeat=&#8221;repeat&#8221; hover_enabled=&#8221;0&#8243; body_line_height_tablet=&#8221;2em&#8221; body_line_height_phone=&#8221;2em&#8221; tab_line_height_tablet=&#8221;2em&#8221; tab_line_height_phone=&#8221;2em&#8221; sticky_enabled=&#8221;0&#8243;]<\/p>\n<h6>Contact<\/h6>\n<p>Andreas Arnold<\/p>\n<p>Mobile +41 (0)79 766 47 07<br \/><a href=\"mailto:info@kinhuette.ch\">info@kinhuette.ch<\/a><br \/><a href=\"http:\/\/www.kinhuette.ch\" target=\"_blank\" rel=\"noopener noreferrer\">www.kinhuette.ch<\/a><\/p>\n<h6>Coordinates<\/h6>\n<p>629.001 \/ 104.340<\/p>\n<p>[\/et_pb_tab][\/et_pb_tabs][et_pb_text admin_label=&#8221;Text&#8221; _builder_version=&#8221;3.27.4&#8243; background_size=&#8221;initial&#8221; background_position=&#8221;top_left&#8221; background_repeat=&#8221;repeat&#8221; use_border_color=&#8221;off&#8221; border_color=&#8221;#ffffff&#8221; border_style=&#8221;solid&#8221;]<\/p>\n<h6>Location<\/h6>\n<div class=\"responsiveContainer\"><iframe loading=\"lazy\" style=\"border: 0;\" src=\"https:\/\/www.google.com\/maps\/embed?pb=!1m5!3m3!1m2!1s0x478f480fa112a2dd%3A0x314efab5992307b9!2skinh%C3%BCtte%2C+Randa!5e0!3m2!1sde!2sch!4v1389091988778\" width=\"600\" height=\"350\" frameborder=\"0\"><\/iframe><\/div>\n<p>[\/et_pb_text][\/et_pb_column_inner][\/et_pb_row_inner][\/et_pb_column][et_pb_column type=&#8221;1_4&#8243; _builder_version=&#8221;3.25&#8243; custom_padding=&#8221;|||&#8221; custom_padding__hover=&#8221;|||&#8221;][et_pb_sidebar orientation=&#8221;right&#8221; area=&#8221;et_pb_widget_area_17&#8243; admin_label=&#8221;Seitenleiste&#8221; _builder_version=&#8221;4.6.6&#8243; remove_border=&#8221;off&#8221;] [\/et_pb_sidebar][\/et_pb_column][\/et_pb_section]<\/p>\n","protected":false},"excerpt":{"rendered":"<p>Kin Hut | 2932 MASL The Kin Hut is situated at 2584 metres in the middle of the four-thousanders of the Mischabel range. The Kin Hut is the starting point for many mountain tours and walks. Mountain tours Kinnhorn &#8211; Grabenhorn &#8211; T\u00e4schhorn 4490 m, &#8211; T\u00e4schhorn-Dom pass T\u00e4schhorn descent via Mischabelgrat to Mischabelbiwack. Festi-Kinn-L\u00fccke [&hellip;]<\/p>\n <a href=\"https:\/\/www.randa.ch\/en\/tourism\/mountain-huts\/kin-hut\/\" class=\"more-link startweg\" title=\"Read More\">Weiterlesen<\/a>","protected":false},"author":2,"featured_media":0,"parent":2162,"menu_order":3,"comment_status":"open","ping_status":"open","template":"","meta":{"_et_pb_use_builder":"on","_et_pb_old_content":"","_et_gb_content_width":"","_cbd_carousel_blocks":"[]","footnotes":""},"class_list":["post-2547","page","type-page","status-publish","hentry"],"yoast_head":"<!-- This site is optimized with the Yoast SEO plugin v27.1.1 - https:\/\/yoast.com\/product\/yoast-seo-wordpress\/ -->\n<title>Kin Hut | 2932 MASL - Gemeinde Randa<\/title>\n<meta name=\"robots\" content=\"index, follow, max-snippet:-1, max-image-preview:large, max-video-preview:-1\" \/>\n<link rel=\"canonical\" href=\"https:\/\/www.randa.ch\/en\/tourism\/mountain-huts\/kin-hut\/\" \/>\n<meta property=\"og:locale\" content=\"en_US\" \/>\n<meta property=\"og:type\" content=\"article\" \/>\n<meta property=\"og:title\" content=\"Kin Hut | 2932 MASL - Gemeinde Randa\" \/>\n<meta property=\"og:description\" content=\"Kin Hut | 2932 MASL The Kin Hut is situated at 2584 metres in the middle of the four-thousanders of the Mischabel range. The Kin Hut is the starting point for many mountain tours and walks. Mountain tours Kinnhorn - Grabenhorn - T\u00e4schhorn 4490 m, - T\u00e4schhorn-Dom pass T\u00e4schhorn descent via Mischabelgrat to Mischabelbiwack. Festi-Kinn-L\u00fccke [&hellip;]\" \/>\n<meta property=\"og:url\" content=\"https:\/\/www.randa.ch\/en\/tourism\/mountain-huts\/kin-hut\/\" \/>\n<meta property=\"og:site_name\" content=\"Gemeinde Randa\" \/>\n<meta property=\"article:publisher\" content=\"https:\/\/www.facebook.com\/gemeinde.randa\" \/>\n<meta property=\"article:modified_time\" content=\"2021-08-27T08:51:34+00:00\" \/>\n<meta property=\"og:image\" content=\"https:\/\/www.randa.ch\/wp-content\/uploads\/2013\/10\/kinh\u00fctte-randa-300x200.jpg\" \/>\n<meta name=\"twitter:card\" content=\"summary_large_image\" \/>\n<meta name=\"twitter:label1\" content=\"Est. reading time\" \/>\n\t<meta name=\"twitter:data1\" content=\"2 minutes\" \/>\n<script type=\"application\/ld+json\" class=\"yoast-schema-graph\">{\"@context\":\"https:\/\/schema.org\",\"@graph\":[{\"@type\":\"WebPage\",\"@id\":\"https:\/\/www.randa.ch\/en\/tourism\/mountain-huts\/kin-hut\/\",\"url\":\"https:\/\/www.randa.ch\/en\/tourism\/mountain-huts\/kin-hut\/\",\"name\":\"Kin Hut | 2932 MASL - Gemeinde Randa\",\"isPartOf\":{\"@id\":\"https:\/\/www.randa.ch\/#website\"},\"datePublished\":\"2014-01-29T13:42:41+00:00\",\"dateModified\":\"2021-08-27T08:51:34+00:00\",\"breadcrumb\":{\"@id\":\"https:\/\/www.randa.ch\/en\/tourism\/mountain-huts\/kin-hut\/#breadcrumb\"},\"inLanguage\":\"en-US\",\"potentialAction\":[{\"@type\":\"ReadAction\",\"target\":[\"https:\/\/www.randa.ch\/en\/tourism\/mountain-huts\/kin-hut\/\"]}]},{\"@type\":\"BreadcrumbList\",\"@id\":\"https:\/\/www.randa.ch\/en\/tourism\/mountain-huts\/kin-hut\/#breadcrumb\",\"itemListElement\":[{\"@type\":\"ListItem\",\"position\":1,\"name\":\"Startseite\",\"item\":\"https:\/\/www.randa.ch\/en\/\"},{\"@type\":\"ListItem\",\"position\":2,\"name\":\"Holidays in Randa (Zermatt)\",\"item\":\"https:\/\/www.randa.ch\/en\/tourism\/\"},{\"@type\":\"ListItem\",\"position\":3,\"name\":\"Mountain huts\",\"item\":\"https:\/\/www.randa.ch\/en\/tourism\/mountain-huts\/\"},{\"@type\":\"ListItem\",\"position\":4,\"name\":\"Kin Hut | 2932 MASL\"}]},{\"@type\":\"WebSite\",\"@id\":\"https:\/\/www.randa.ch\/#website\",\"url\":\"https:\/\/www.randa.ch\/\",\"name\":\"Gemeinde Randa\",\"description\":\"... the idyllic mountain village\",\"publisher\":{\"@id\":\"https:\/\/www.randa.ch\/#organization\"},\"potentialAction\":[{\"@type\":\"SearchAction\",\"target\":{\"@type\":\"EntryPoint\",\"urlTemplate\":\"https:\/\/www.randa.ch\/?s={search_term_string}\"},\"query-input\":{\"@type\":\"PropertyValueSpecification\",\"valueRequired\":true,\"valueName\":\"search_term_string\"}}],\"inLanguage\":\"en-US\"},{\"@type\":\"Organization\",\"@id\":\"https:\/\/www.randa.ch\/#organization\",\"name\":\"Gemeinde Randa\",\"url\":\"https:\/\/www.randa.ch\/\",\"logo\":{\"@type\":\"ImageObject\",\"inLanguage\":\"en-US\",\"@id\":\"https:\/\/www.randa.ch\/#\/schema\/logo\/image\/\",\"url\":\"https:\/\/www.randa.ch\/wp-content\/uploads\/2015\/06\/logo_q.jpg\",\"contentUrl\":\"https:\/\/www.randa.ch\/wp-content\/uploads\/2015\/06\/logo_q.jpg\",\"width\":250,\"height\":250,\"caption\":\"Gemeinde Randa\"},\"image\":{\"@id\":\"https:\/\/www.randa.ch\/#\/schema\/logo\/image\/\"},\"sameAs\":[\"https:\/\/www.facebook.com\/gemeinde.randa\",\"https:\/\/www.pinterest.com\/randawallis\/\",\"https:\/\/www.youtube.com\/RandaWallis\"]}]}<\/script>\n<!-- \/ Yoast SEO plugin. -->","yoast_head_json":{"title":"Kin Hut | 2932 MASL - Gemeinde Randa","robots":{"index":"index","follow":"follow","max-snippet":"max-snippet:-1","max-image-preview":"max-image-preview:large","max-video-preview":"max-video-preview:-1"},"canonical":"https:\/\/www.randa.ch\/en\/tourism\/mountain-huts\/kin-hut\/","og_locale":"en_US","og_type":"article","og_title":"Kin Hut | 2932 MASL - Gemeinde Randa","og_description":"Kin Hut | 2932 MASL The Kin Hut is situated at 2584 metres in the middle of the four-thousanders of the Mischabel range. The Kin Hut is the starting point for many mountain tours and walks. Mountain tours Kinnhorn - Grabenhorn - T\u00e4schhorn 4490 m, - T\u00e4schhorn-Dom pass T\u00e4schhorn descent via Mischabelgrat to Mischabelbiwack. Festi-Kinn-L\u00fccke [&hellip;]","og_url":"https:\/\/www.randa.ch\/en\/tourism\/mountain-huts\/kin-hut\/","og_site_name":"Gemeinde Randa","article_publisher":"https:\/\/www.facebook.com\/gemeinde.randa","article_modified_time":"2021-08-27T08:51:34+00:00","og_image":[{"url":"https:\/\/www.randa.ch\/wp-content\/uploads\/2013\/10\/kinh\u00fctte-randa-300x200.jpg","type":"","width":"","height":""}],"twitter_card":"summary_large_image","twitter_misc":{"Est. reading time":"2 minutes"},"schema":{"@context":"https:\/\/schema.org","@graph":[{"@type":"WebPage","@id":"https:\/\/www.randa.ch\/en\/tourism\/mountain-huts\/kin-hut\/","url":"https:\/\/www.randa.ch\/en\/tourism\/mountain-huts\/kin-hut\/","name":"Kin Hut | 2932 MASL - Gemeinde Randa","isPartOf":{"@id":"https:\/\/www.randa.ch\/#website"},"datePublished":"2014-01-29T13:42:41+00:00","dateModified":"2021-08-27T08:51:34+00:00","breadcrumb":{"@id":"https:\/\/www.randa.ch\/en\/tourism\/mountain-huts\/kin-hut\/#breadcrumb"},"inLanguage":"en-US","potentialAction":[{"@type":"ReadAction","target":["https:\/\/www.randa.ch\/en\/tourism\/mountain-huts\/kin-hut\/"]}]},{"@type":"BreadcrumbList","@id":"https:\/\/www.randa.ch\/en\/tourism\/mountain-huts\/kin-hut\/#breadcrumb","itemListElement":[{"@type":"ListItem","position":1,"name":"Startseite","item":"https:\/\/www.randa.ch\/en\/"},{"@type":"ListItem","position":2,"name":"Holidays in Randa (Zermatt)","item":"https:\/\/www.randa.ch\/en\/tourism\/"},{"@type":"ListItem","position":3,"name":"Mountain huts","item":"https:\/\/www.randa.ch\/en\/tourism\/mountain-huts\/"},{"@type":"ListItem","position":4,"name":"Kin Hut | 2932 MASL"}]},{"@type":"WebSite","@id":"https:\/\/www.randa.ch\/#website","url":"https:\/\/www.randa.ch\/","name":"Gemeinde Randa","description":"... the idyllic mountain village","publisher":{"@id":"https:\/\/www.randa.ch\/#organization"},"potentialAction":[{"@type":"SearchAction","target":{"@type":"EntryPoint","urlTemplate":"https:\/\/www.randa.ch\/?s={search_term_string}"},"query-input":{"@type":"PropertyValueSpecification","valueRequired":true,"valueName":"search_term_string"}}],"inLanguage":"en-US"},{"@type":"Organization","@id":"https:\/\/www.randa.ch\/#organization","name":"Gemeinde Randa","url":"https:\/\/www.randa.ch\/","logo":{"@type":"ImageObject","inLanguage":"en-US","@id":"https:\/\/www.randa.ch\/#\/schema\/logo\/image\/","url":"https:\/\/www.randa.ch\/wp-content\/uploads\/2015\/06\/logo_q.jpg","contentUrl":"https:\/\/www.randa.ch\/wp-content\/uploads\/2015\/06\/logo_q.jpg","width":250,"height":250,"caption":"Gemeinde Randa"},"image":{"@id":"https:\/\/www.randa.ch\/#\/schema\/logo\/image\/"},"sameAs":["https:\/\/www.facebook.com\/gemeinde.randa","https:\/\/www.pinterest.com\/randawallis\/","https:\/\/www.youtube.com\/RandaWallis"]}]}},"publishpress_future_action":{"enabled":false,"date":"2026-05-14 15:37:50","action":"change-status","newStatus":"draft","terms":[],"taxonomy":"translation_priority","extraData":[]},"publishpress_future_workflow_manual_trigger":{"enabledWorkflows":[]},"_links":{"self":[{"href":"https:\/\/www.randa.ch\/en\/wp-json\/wp\/v2\/pages\/2547","targetHints":{"allow":["GET"]}}],"collection":[{"href":"https:\/\/www.randa.ch\/en\/wp-json\/wp\/v2\/pages"}],"about":[{"href":"https:\/\/www.randa.ch\/en\/wp-json\/wp\/v2\/types\/page"}],"author":[{"embeddable":true,"href":"https:\/\/www.randa.ch\/en\/wp-json\/wp\/v2\/users\/2"}],"replies":[{"embeddable":true,"href":"https:\/\/www.randa.ch\/en\/wp-json\/wp\/v2\/comments?post=2547"}],"version-history":[{"count":8,"href":"https:\/\/www.randa.ch\/en\/wp-json\/wp\/v2\/pages\/2547\/revisions"}],"predecessor-version":[{"id":33486,"href":"https:\/\/www.randa.ch\/en\/wp-json\/wp\/v2\/pages\/2547\/revisions\/33486"}],"up":[{"embeddable":true,"href":"https:\/\/www.randa.ch\/en\/wp-json\/wp\/v2\/pages\/2162"}],"wp:attachment":[{"href":"https:\/\/www.randa.ch\/en\/wp-json\/wp\/v2\/media?parent=2547"}],"curies":[{"name":"wp","href":"https:\/\/api.w.org\/{rel}","templated":true}]}}